{"id":2410,"date":"2024-10-19T16:35:06","date_gmt":"2024-10-19T14:35:06","guid":{"rendered":"https:\/\/pictures.uber.space\/?post_type=product&#038;p=2410"},"modified":"2025-03-14T12:09:03","modified_gmt":"2025-03-14T11:09:03","slug":"monster-vom-sonnenberg","status":"publish","type":"product","link":"https:\/\/pictures.uber.space\/en\/shop\/monster-vom-sonnenberg\/","title":{"rendered":"Monster vom Sonnenberg"},"content":{"rendered":"<p>Im Rahmen der Kiezwerkst\u00e4tten 2023 in Chemnitz-Sonnenberg, ausgerichtet vom Klub Solitaer, gestalteten unofficial.pictures einen Collage- und einen Zineworkshop. \u201c\u00fcbelst supercoole MONSTER und noch ganz viel anderes, aufregendes, supersch\u00f6nes VOM gr\u00f6\u00dften, supercoolen, heftigen SONNENBERG [sun mountain] der Welt, Brudi Jippi!\u201d ist das wunderbar wilde Produkt der Kiezwerkst\u00e4tten und des Zineworkshops. Vielen Dank an Klub Solitaer f\u00fcr die nette Zusammenarbeit!<\/p>\n","protected":false},"excerpt":{"rendered":"<p>72p., mixed media<br \/>\nBrochure in digital print, 13.4 x 19.4 cm<br \/>\n1st edition, Chemnitz 2023<br \/>\nLanguage: German<\/p>","protected":false},"featured_media":2494,"template":"","meta":[],"product_brand":[],"product_cat":[37],"product_tag":[],"class_list":{"0":"post-2410","1":"product","2":"type-product","3":"status-publish","4":"has-post-thumbnail","6":"product_cat-buecher-und-prints","8":"first","9":"instock","10":"shipping-taxable","11":"purchasable","12":"product-type-simple"},"_links":{"self":[{"href":"https:\/\/pictures.uber.space\/en\/wp-json\/wp\/v2\/product\/2410","targetHints":{"allow":["GET"]}}],"collection":[{"href":"https:\/\/pictures.uber.space\/en\/wp-json\/wp\/v2\/product"}],"about":[{"href":"https:\/\/pictures.uber.space\/en\/wp-json\/wp\/v2\/types\/product"}],"wp:featuredmedia":[{"embeddable":true,"href":"https:\/\/pictures.uber.space\/en\/wp-json\/wp\/v2\/media\/2494"}],"wp:attachment":[{"href":"https:\/\/pictures.uber.space\/en\/wp-json\/wp\/v2\/media?parent=2410"}],"wp:term":[{"taxonomy":"product_brand","embeddable":true,"href":"https:\/\/pictures.uber.space\/en\/wp-json\/wp\/v2\/product_brand?post=2410"},{"taxonomy":"product_cat","embeddable":true,"href":"https:\/\/pictures.uber.space\/en\/wp-json\/wp\/v2\/product_cat?post=2410"},{"taxonomy":"product_tag","embeddable":true,"href":"https:\/\/pictures.uber.space\/en\/wp-json\/wp\/v2\/product_tag?post=2410"}],"curies":[{"name":"wp","href":"https:\/\/api.w.org\/{rel}","templated":true}]}}