{"id":2287,"date":"2024-10-19T16:31:31","date_gmt":"2024-10-19T14:31:31","guid":{"rendered":"https:\/\/pictures.uber.space\/?post_type=product&#038;p=2287"},"modified":"2025-03-14T13:33:21","modified_gmt":"2025-03-14T12:33:21","slug":"suhl-nord-aus-unserer-sicht-ausgabe-1","status":"publish","type":"product","link":"https:\/\/pictures.uber.space\/en\/shop\/suhl-nord-aus-unserer-sicht-ausgabe-1\/","title":{"rendered":"Suhl-Nord \u2013 From our point of view. Issue 1"},"content":{"rendered":"<p>Hier ist sie nun: unsere erste Zeitung \u00fcber und aus Suhl-Nord. Mit 2000 gedruckten Exemplaren und einer Online-Version. Darin stecken 48 Seiten mit 151 Bildern. Dahinter stecken 3 Monate intensive Workshopzeit und 4 Wochenendtreffen mit den 8 Autor*innen. 11 ehemalige und gegenw\u00e4rtige Bewohner*innen, die uns ihre alten Fotos sowie 2 Texte zur Verf\u00fcgung gestellt haben haben.<\/p>\n<p>Warum eine Zeitung \u00fcber Suhl-Nord? Wir vom Verein unofficial.pictures hatten den Eindruck, dass es viel zu erz\u00e4hlen gibt. Von Visionen, Aufbau, Realit\u00e4t und Alltag in einer Satellitenstadt. Von Entdichtung, R\u00fcckbau und Abriss. Von Umz\u00fcgen, nochmal Umz\u00fcgen und Wegz\u00fcgen. Von Kindheitserinnerungen an Orte die es nicht mehr gibt. Von Nazis, die in den 1990er- und 2000er-Jahren Angst verbreitet haben. Von Migrant*innen, die hier angekommen sind. Wir finden es wichtig, all das nochmal aus den Hinterk\u00f6pfen heraus zu holen und gemeinsam neu anzuschauen, um mit der aktuellen Situation umgehen zu k\u00f6nnen und auch in die Zukunft zu denken. Deswegen haben wir im Fr\u00fchjahr ein umfangreiches Projekt zum Austausch \u00fcber diese und andere Themen gestartet. Dank der F\u00f6rderung durch den Fonds Soziokultur und die Heidehof Stiftung und mit Unterst\u00fctzung vieler lokaler Vereine konnten wir im Juli ein Stra\u00dfenfest zum Mitmachen veranstalten. Seitdem bekamen wir unz\u00e4hlige Fotos \u00fcberlassen und Geschichten erz\u00e4hlt. Uns war wichtig, daraus etwas zu machen, was man in die Hand nehmen, gemeinsam anschauen und ins B\u00fccherregal stellen kann. Und etwas, das viele Leute erreicht. Deswegen haben wir uns entschieden, dass es eine Zeitung zu Suhl-Nord geben soll.<\/p>\n<p>Die Zeitung sollte vor allem Perspektiven von Menschen aus Suhl-Nord eine Plattform bieten. Deswegen luden wir zu einem Workshop ein. Wir fanden motivierte Teilnehmer*innen, die hier gewohnt haben, noch wohnen, lernen oder arbeiten. Gemeinsam entwickelten wir aus verschiedenen Ideen die Themen unserer Zeitung. Am Ende war dabei am wichtigsten, was uns allen am meisten unter den N\u00e4geln brannte. Deswegen hat diese Zeitung keinen Anspruch, Suhl-Nord vollst\u00e4ndig, aus allen Perspektiven abzubilden. Sie zeigt, womit wir uns an den vier Wochenenden und dazwischen besch\u00e4ftigen wollten. Was wir geschafft haben. Was wir gerne untersucht und entdeckt haben. Sicher werden Sie Aspekte vermissen oder zu manchen Positionen eine andere Sicht haben. Wir m\u00f6chten Sie trotzdem einladen auf eine Rundreise in Text und Bild.<\/p>\n<p>Als wir mit dem Projekt \u201eSuhl-Nord \u2014 Wieder im Gespr\u00e4ch\u201c begannen, ahnten wir gar nicht, dass auch der Stadtrat und die Stadtverwaltung das Viertel dieses Jahr wieder ins Gespr\u00e4ch bringen w\u00fcrden. Sie beauftragten die Landesentwicklungsgesellschaft mit der Weiterentwicklung eines \u201eUmsetzungsorientierten Realisierungskonzeptes\u201c. Hier wird die geplante \u201eTransformation eines Wohngebiets in ein Gewerbegebiet der Zukunft\u201c in den Jahren 2022 bis 2040 gezeichnet. Wir haben nicht genug Fachkenntnis, um zu bewerten, ob das nun die beste L\u00f6sung f\u00fcr die Zukunft von Suhl-Nord ist und ob sie umsetzbar sein wird. Aber wir finden es existentiell wichtig, bei den vielen Umbr\u00fcchen, die auf die Leben von vielen Menschen Auswirkungen haben, diese einzubeziehen und auch einen Raum zum Austausch zu schaffen. Bevor politische Entscheidungen getroffen werden k\u00f6nnen, sollte zum einen unserer Meinung nach erst mal eine gemeinsame Sprache gefunden und verschiedene Perspektiven angeh\u00f6rt werden. In Gespr\u00e4chen mit ehemaligen und aktuellen Bewohner*innen von Suhl-Nord bekamen wir den Eindruck, dass gerade das vers\u00e4umt wurde. Zum anderen braucht es eine M\u00f6glichkeit zur Erinnerung an Vergangenes \u2013 besonders weil viele Orte kaum noch wiederzuerkennen sind. Wir hoffen, dass diese Zeitung eine M\u00f6glichkeit f\u00fcr beides bietet. Und dass Suhl-Nord im Gespr\u00e4ch bleiben kann, auch wenn es sich ver\u00e4ndert. Ohne Verbitterung, ohne einen Blick von oben, ohne Zukunftsangst und auch ohne nostalgische Verkl\u00e4rung.<\/p>\n<p>Wenn Sie nach dem Durchschauen und Lesen Kommentare haben, sich wiedererkannt haben, oder gar Lust bekommen haben, selber etwas zu berichten: schreiben Sie uns eine E-Mail oder sprechen Sie uns auf den Anrufbeantworter. Da wir schon jetzt viele spannende Ideen, Fotos und Geschichten haben, die wir aus Platzmangel nicht abdrucken konnten, schlie\u00dfen wir nicht aus, weitere Ausgaben dieser Zeitung zu ver\u00f6ffentlichen. Daf\u00fcr w\u00fcrden wir unter anderem gerne noch mehr Perspektiven von Menschen, die erst in den letzten Jahren zugezogen sind, eine Plattform geben und sie damit in das Gespr\u00e4ch einbeziehen.<\/p>\n<p>unofficial.pictures,<br \/>\nNovember 2022[:]<\/p>\n","protected":false},"excerpt":{"rendered":"<p>48p., 151 color and b\/w illustrations<br \/>\nOffset printed newspaper, 31.5 x 47 cm<br \/>\n1st edition, 2000 copies. Suhl 2022<br \/>\nLanguage: German<\/p>\n<h4>Free of charge.We are happy for your <a href=\"https:\/\/unofficial.pictures\/shop\/freie-spende\/\" target=\"_blank\" rel=\"noopener\">Donation<\/a><\/h4>","protected":false},"featured_media":2441,"template":"","meta":[],"product_brand":[],"product_cat":[37],"product_tag":[],"class_list":{"0":"post-2287","1":"product","2":"type-product","3":"status-publish","4":"has-post-thumbnail","6":"product_cat-buecher-und-prints","8":"first","9":"outofstock","10":"shipping-taxable","11":"purchasable","12":"product-type-simple"},"_links":{"self":[{"href":"https:\/\/pictures.uber.space\/en\/wp-json\/wp\/v2\/product\/2287","targetHints":{"allow":["GET"]}}],"collection":[{"href":"https:\/\/pictures.uber.space\/en\/wp-json\/wp\/v2\/product"}],"about":[{"href":"https:\/\/pictures.uber.space\/en\/wp-json\/wp\/v2\/types\/product"}],"wp:featuredmedia":[{"embeddable":true,"href":"https:\/\/pictures.uber.space\/en\/wp-json\/wp\/v2\/media\/2441"}],"wp:attachment":[{"href":"https:\/\/pictures.uber.space\/en\/wp-json\/wp\/v2\/media?parent=2287"}],"wp:term":[{"taxonomy":"product_brand","embeddable":true,"href":"https:\/\/pictures.uber.space\/en\/wp-json\/wp\/v2\/product_brand?post=2287"},{"taxonomy":"product_cat","embeddable":true,"href":"https:\/\/pictures.uber.space\/en\/wp-json\/wp\/v2\/product_cat?post=2287"},{"taxonomy":"product_tag","embeddable":true,"href":"https:\/\/pictures.uber.space\/en\/wp-json\/wp\/v2\/product_tag?post=2287"}],"curies":[{"name":"wp","href":"https:\/\/api.w.org\/{rel}","templated":true}]}}