{"id":2269,"date":"2024-10-19T16:31:28","date_gmt":"2024-10-19T14:31:28","guid":{"rendered":"https:\/\/pictures.uber.space\/?post_type=product&#038;p=2269"},"modified":"2024-10-19T16:35:19","modified_gmt":"2024-10-19T14:35:19","slug":"%d8%aa%d8%b1%d8%ac%d9%85%d8%a9-%d8%a7%d9%84%d8%a5%d8%b5%d8%af%d8%a7%d8%b1-%d8%b1%d9%82%d9%85-1-%d8%b4%d8%a7%d8%b1%d8%b9-%d8%a7%d9%84%d8%a3%d9%8a%d8%b2%d9%86-%d8%a8%d8%a7%d9%86-%d8%b0%d9%84","status":"publish","type":"product","link":"https:\/\/pictures.uber.space\/en\/shop\/%d8%aa%d8%b1%d8%ac%d9%85%d8%a9-%d8%a7%d9%84%d8%a5%d8%b5%d8%af%d8%a7%d8%b1-%d8%b1%d9%82%d9%85-1-%d8%b4%d8%a7%d8%b1%d8%b9-%d8%a7%d9%84%d8%a3%d9%8a%d8%b2%d9%86-%d8%a8%d8%a7%d9%86-%d8%b0%d9%84\/","title":{"rendered":"\u062a\u0631\u062c\u0645\u0629 \u0627\u0644\u0625\u0635\u062f\u0627\u0631 \u0631\u0642\u0645 1 \u2013  \u0634\u0627\u0631\u0639 \u0627\u0644\u0623\u064a\u0632\u0646 \u0628\u0627\u0646: \u0630\u0644\u0643 \u0627\u0644\u0645\u0643\u0627\u0646 \u0627\u0644\u062e\u0637\u064a\u0631"},"content":{"rendered":"<p>\u0647\u0644 \u062a\u0639\u0631\u0641 \u0634\u0627\u0631\u0639 \u0627\u0644\u0623\u064a\u0632\u0646 \u0628\u0627\u0646 \u0641\u064a \u0644\u0627\u064a\u0628\u0632\u064a\u062c\u061f \u0648\u0633\u0627\u0626\u0644 \u0627\u0644\u0625\u0639\u0644\u0627\u0645 \u062a\u064f\u0631\u0648\u0651\u0650\u062c \u0635\u0648\u0631\u0627 \u0646\u0645\u0637\u064a\u0629 \u0639\u0646\u0635\u0631\u064a\u0629 \u0648\u0637\u0628\u0642\u064a\u0629 \u0639\u0646 \u0647\u0630\u0627 \u0627\u0644\u0634\u0627\u0631\u0639 \u0645\u0646\u0630 \u0633\u0646\u0648\u0627\u062a. \u0648\u064a\u0628\u062f\u0648 \u0623\u0646 \u0627\u0644\u0633\u0644\u0637\u0627\u062a \u0627\u0644\u062d\u0643\u0648\u0645\u064a\u0629 \u0623\u0631\u0627\u062f\u062a \u062a\u062f\u0634\u064a\u0646 \u0627\u0644\u0633\u0645\u0639\u0629 \u0627\u0644\u0633\u064a\u0626\u0629 \u0644\u0644\u0634\u0627\u0631\u0639 \u0631\u0633\u0645\u064a\u0627\u060c \u062d\u064a\u062b \u0623\u0646\u0634\u0623\u062a \u0641\u064a \u0634\u0647\u0631 \u0646\u0648\u0641\u0645\u0628\u0631 \u0639\u0627\u0645 2018 \u0623\u0648\u0644 \u0645\u0646\u0637\u0642\u0629 \u0645\u0646\u0639 \u0644\u0644\u0633\u0644\u0627\u062d \u0641\u064a \u0648\u0644\u0627\u064a\u0629 \u0633\u0627\u0643\u0633\u0646 \u0628\u0627\u0644\u0634\u0627\u0631\u0639<br \/>\n\u062d\u064a\u0646\u0647\u0627 \u0634\u0639\u0631\u0646\u0627 \u0628\u0627\u0644\u063a\u0636\u0628\u060c \u0648\u0630\u0647\u0628\u0646\u0627 \u0644\u0625\u062c\u0631\u0627\u0621 \u0645\u0642\u0627\u0628\u0644\u0627\u062a \u0645\u0639 \u0628\u0639\u0636 \u0633\u0643\u0627\u0646 \u0627\u0644\u062d\u064a \u0627\u0644\u0645\u062d\u064a\u0637 \u0628\u0627\u0644\u0634\u0627\u0631\u0639. \u062b\u0645 \u062c\u0645\u0651\u0639\u0646\u0627 \u0647\u0630\u0647 \u0627\u0644\u0645\u062d\u0627\u062f\u062b\u0627\u062a \u0645\u0639 \u0646\u0635\u0648\u0635 \u0623\u062e\u0631\u0649 \u0648\u0643\u062b\u064a\u0631 \u0645\u0646 \u0627\u0644\u0635\u0648\u0631 \u0627\u0644\u062a\u064a \u0625\u0644\u062a\u0642\u0637\u0646\u0627\u0647\u0627 \u0644\u0644\u0645\u0646\u0637\u0642\u0629 \u0641\u064a \u0625\u0635\u062f\u0627\u0631\u064a\u0646 \u0644\u0645\u062c\u0644\u062a\u0646\u0627 \u0627\u0644\u062a\u064a \u0623\u0633\u0645\u064a\u0646\u0627\u0647\u0627: &#8222;\u0634\u0627\u0631\u0639 \u0627\u0644\u0623\u064a\u0632\u0646 \u0628\u0627\u0646: \u0630\u0644\u0643 \u0627\u0644\u0645\u0643\u0627\u0646 \u0627\u0644\u062e\u0637\u064a\u0631&#8220;. \u0648\u0647\u062f\u0641\u0646\u0627 \u0647\u0648 \u0623\u0646 \u0646\u064f\u0648\u0636\u062d \u0644\u0644\u0646\u0627\u0633 \u0623\u0646 \u0627\u0644\u0634\u0627\u0631\u0639 \u0623\u0643\u062b\u0631 \u0645\u0646 \u0630\u0644\u0643 \u0628\u0643\u062b\u064a\u0631! \u0648\u0623\u0646 \u0627\u0644\u0645\u0634\u0627\u0643\u0644 \u0627\u0644\u0645\u0648\u062c\u0648\u062f\u0629 \u0647\u0646\u0627\u0643 \u0623\u0643\u062b\u0631 \u062a\u0639\u0642\u064a\u062f\u0627 \u0645\u0645\u0627 \u062a\u062d\u0643\u064a\u0647 \u062c\u0631\u064a\u062f\u0629 \u0628\u064a\u0644\u062f Bild \u0623\u0648 \u0642\u0646\u0627\u0629 \u0628\u0631\u0648 \u0633\u064a\u0628\u0646  ProSieben\u0627\u0644\u062a\u0644\u0641\u0632\u064a\u0648\u0646\u064a\u0629   <\/p>\n<p>\u0648\u0642\u062f \u0639\u0643\u0641 \u0639\u062f\u062f \u0645\u0646 \u0627\u0644\u0645\u062a\u0631\u062c\u0645\u064a\u0646 \u0627\u0644\u0645\u062e\u0644\u0635\u064a\u0646 \u0639\u0644\u064a \u0627\u0644\u0639\u0645\u0644 \u0639\u0644\u064a \u062a\u0631\u062c\u0645\u0629 \u0627\u0644\u0645\u062c\u0644\u0629 \u0627\u0644\u0645\u0646\u0634\u0648\u0631\u0629 \u0628\u0627\u0644\u0623\u0644\u0645\u0627\u0646\u064a\u0629\u060c \u0644\u062a\u0635\u0628\u062d \u0645\u064f\u062a\u0627\u062d\u0629 \u0623\u064a\u0636\u0627 \u0628\u0627\u0644\u0644\u063a\u0627\u062a \u0627\u0644\u0639\u0631\u0628\u064a\u0629 \u0648\u0627\u0644\u0631\u0648\u0633\u064a\u0629 \u0648\u0627\u0644\u062a\u0631\u0643\u064a\u0629 \u0648\u0627\u0644\u0625\u0646\u062c\u0644\u064a\u0632\u064a\u0629<\/p>\n<p>Achtung: Dieses Heft enth\u00e4lt nur die \u00dcbersetzungen der Texte nach Arabisch und ist als Zusatz zur <a href=\"https:\/\/unofficial.pictures\/shop\/gefaehrlicher-gegenstand-eisenbahnstrasse-1\/\">Ausgabe 1 unserer Zeitung<\/a> gedacht.<\/p>\n<p>Attention: This brochure contains only the translations of all texts into Arabic. It is meant as a supplement to the <a href=\"https:\/\/unofficial.pictures\/shop\/gefaehrlicher-gegenstand-eisenbahnstrasse-1\/\">first edition of our photo newspaper<\/a>.<br \/>\n<div class=\"woocommerce\"><\/div><\/p>","protected":false},"excerpt":{"rendered":"<p>\u062a\u0631\u062c\u0645\u0629 \u0627\u0644\u0625\u0635\u062f\u0627\u0631 \u0631\u0642\u0645 1 | \u0638\u0647\u0631 \u0627\u0644\u0639\u0645\u0644 \u0627\u0644\u0623\u0635\u0644\u064a \u0644\u0623\u0648\u0644 \u0645\u0631\u0629 \u0641\u064a \u0623\u063a\u0633\u0637\u0633 \u0639\u0627\u0645 2019 | \u062a\u0631\u062c\u0645\u0629: \u0645\u062d\u0645\u062f \u062d\u0633\u0646 <\/p>\n<p>Achtung: Dieses Heft enth\u00e4lt nur die \u00dcbersetzungen der Texte nach Arabisch und ist als Zusatz zur <a href=\"https:\/\/unofficial.pictures\/shop\/gefaehrlicher-gegenstand-eisenbahnstrasse-1\/\">Ausgabe 1 unserer Zeitung<\/a> gedacht.<\/p>\n<p>\u0645\u0642\u0627\u0628\u0644 \u0633\u0639\u0631 \u062d\u0631<br \/>\nFreier Preis. Wir m\u00f6chten, dass die Zeitung allen zug\u00e4nglich ist, aber wollen auch mindestens die Material- &#038; Druckkosten \u00fcber den Verkauf wieder reinbekommen. \u00dcberlege, wie viel du geben kannst und trag dies als Gew\u00e4hlter Preis ein.<\/p>","protected":false},"featured_media":2414,"template":"","meta":[],"product_brand":[],"product_cat":[37],"product_tag":[],"class_list":{"0":"post-2269","1":"product","2":"type-product","3":"status-publish","4":"has-post-thumbnail","6":"product_cat-buecher-und-prints","8":"first","9":"instock","10":"shipping-taxable","11":"purchasable","12":"product-type-simple"},"_links":{"self":[{"href":"https:\/\/pictures.uber.space\/en\/wp-json\/wp\/v2\/product\/2269","targetHints":{"allow":["GET"]}}],"collection":[{"href":"https:\/\/pictures.uber.space\/en\/wp-json\/wp\/v2\/product"}],"about":[{"href":"https:\/\/pictures.uber.space\/en\/wp-json\/wp\/v2\/types\/product"}],"wp:featuredmedia":[{"embeddable":true,"href":"https:\/\/pictures.uber.space\/en\/wp-json\/wp\/v2\/media\/2414"}],"wp:attachment":[{"href":"https:\/\/pictures.uber.space\/en\/wp-json\/wp\/v2\/media?parent=2269"}],"wp:term":[{"taxonomy":"product_brand","embeddable":true,"href":"https:\/\/pictures.uber.space\/en\/wp-json\/wp\/v2\/product_brand?post=2269"},{"taxonomy":"product_cat","embeddable":true,"href":"https:\/\/pictures.uber.space\/en\/wp-json\/wp\/v2\/product_cat?post=2269"},{"taxonomy":"product_tag","embeddable":true,"href":"https:\/\/pictures.uber.space\/en\/wp-json\/wp\/v2\/product_tag?post=2269"}],"curies":[{"name":"wp","href":"https:\/\/api.w.org\/{rel}","templated":true}]}}