{"id":2267,"date":"2024-10-19T16:31:28","date_gmt":"2024-10-19T14:31:28","guid":{"rendered":"https:\/\/pictures.uber.space\/?post_type=product&#038;p=2267"},"modified":"2024-10-19T16:34:57","modified_gmt":"2024-10-19T14:34:57","slug":"tuerkce-tercuemesi-tehlikeli-madde-eisenbahnstrasse-matba-1","status":"publish","type":"product","link":"https:\/\/pictures.uber.space\/en\/shop\/tuerkce-tercuemesi-tehlikeli-madde-eisenbahnstrasse-matba-1\/","title":{"rendered":"T\u00fcrk\u00e7e terc\u00fcmesi: \u00bbTehlikeli Madde: Eisenbahnstra\u00dfe\u00ab Matba #1"},"content":{"rendered":"<p>Leipzig\u2019te Eisenbahn Caddesi? Medya y\u0131llard\u0131r \u0131rk\u00e7\u0131 ve klasik kli\u015felerle bu konuyla ilgili. Resmi onaylanan bu damgalamalarda oldu\u011fu gibi 2018 y\u0131l\u0131 Kas\u0131m Ay\u0131\u2019nda Saksonya Eyaletinde ilk Silah Yasa\u011f\u0131 B\u00f6lgesi ilan edildi. Biz d\u00fc\u015f\u00fcnd\u00fck ki: Bu \u00e7ok can s\u0131k\u0131c\u0131!<br \/>\nVe mahalle sakinleriyle r\u00f6portaj yapt\u0131k. Bu g\u00f6r\u00fc\u015fmeler, di\u011fer metinlerle ve bir\u00e7ok \u00f6zel foto\u011fraflarla birlikte \u00bbTehlikeli Madde: Eisenbahnstra\u00dfe\u00ab adl\u0131 gazetemizin iki say\u0131s\u0131nda yay\u0131nland\u0131- Eisenbahn Caddesi \u00e7ok daha fazlas\u0131! Bunu g\u00f6stermek istiyoruz. Ve buradaki problemler Bild Gazetesi\u2019nin ya da ProSieben televizyon kanal\u0131n\u0131n bize anlatmak istedi\u011finden \u00e7ok daha karma\u015f\u0131k. <\/p>\n<p>Etkin terc\u00fcmanlar sizler i\u00e7in Almancan\u0131n yan\u0131 s\u0131ra Rus\u00e7a, Arap\u00e7a, T\u00fcrk\u00e7e ve \u0130ngilizce okuyabilmeniz i\u00e7in uzun saatler \u00e7al\u0131\u015ft\u0131!<\/p>\n<p>Achtung: Dieses Heft enth\u00e4lt nur die \u00dcbersetzungen der Texte nach T\u00fcrkisch und ist als Zusatz <a href=\"https:\/\/unofficial.pictures\/shop\/gefaehrlicher-gegenstand-eisenbahnstrasse-1\/\">zur Ausgabe 1 unserer Zeitung<\/a> gedacht.<br \/>\n<div class=\"woocommerce\"><\/div><\/p>","protected":false},"excerpt":{"rendered":"<p>Terc\u00fcme matba #1 | Bu matban\u0131n orjinal\u0131 2019 A\u011fustos ayinda  Leipzigte piyasaya \u00e7\u0131kt\u0131 | S.C., Bahar Cati ve Burcu Arslan ki\u015fi tarafindan terc\u00fcme edildi | unofficial.pictures tarafindan bas\u0131ld\u0131<\/p>\n<p>Achtung: Dieses Heft enth\u00e4lt nur die \u00dcbersetzungen der Texte nach T\u00fcrkisch und ist als Zusatz <a href=\"https:\/\/unofficial.pictures\/shop\/gefaehrlicher-gegenstand-eisenbahnstrasse-1\/\">zur Ausgabe 1 unserer Zeitung<\/a> gedacht.<\/p>\n<p>Ba\u011f\u0131\u015fta buluna bilirsiniz \u2013 Freier Preis. Wir m\u00f6chten, dass die Zeitung allen zug\u00e4nglich ist, aber wollen auch mindestens die Material- &#038; Druckkosten \u00fcber den Verkauf wieder reinbekommen. \u00dcberlege, wie viel du geben kannst und trag dies als Gew\u00e4hlter Preis ein.<\/p>","protected":false},"featured_media":2404,"template":"","meta":[],"product_brand":[],"product_cat":[37],"product_tag":[],"class_list":{"0":"post-2267","1":"product","2":"type-product","3":"status-publish","4":"has-post-thumbnail","6":"product_cat-buecher-und-prints","8":"first","9":"instock","10":"shipping-taxable","11":"purchasable","12":"product-type-simple"},"_links":{"self":[{"href":"https:\/\/pictures.uber.space\/en\/wp-json\/wp\/v2\/product\/2267","targetHints":{"allow":["GET"]}}],"collection":[{"href":"https:\/\/pictures.uber.space\/en\/wp-json\/wp\/v2\/product"}],"about":[{"href":"https:\/\/pictures.uber.space\/en\/wp-json\/wp\/v2\/types\/product"}],"wp:featuredmedia":[{"embeddable":true,"href":"https:\/\/pictures.uber.space\/en\/wp-json\/wp\/v2\/media\/2404"}],"wp:attachment":[{"href":"https:\/\/pictures.uber.space\/en\/wp-json\/wp\/v2\/media?parent=2267"}],"wp:term":[{"taxonomy":"product_brand","embeddable":true,"href":"https:\/\/pictures.uber.space\/en\/wp-json\/wp\/v2\/product_brand?post=2267"},{"taxonomy":"product_cat","embeddable":true,"href":"https:\/\/pictures.uber.space\/en\/wp-json\/wp\/v2\/product_cat?post=2267"},{"taxonomy":"product_tag","embeddable":true,"href":"https:\/\/pictures.uber.space\/en\/wp-json\/wp\/v2\/product_tag?post=2267"}],"curies":[{"name":"wp","href":"https:\/\/api.w.org\/{rel}","templated":true}]}}