{"id":2967,"date":"2026-01-09T16:41:58","date_gmt":"2026-01-09T15:41:58","guid":{"rendered":"https:\/\/pictures.uber.space\/?page_id=2967"},"modified":"2026-04-28T22:04:06","modified_gmt":"2026-04-28T20:04:06","slug":"suhl-fiction","status":"publish","type":"page","link":"https:\/\/pictures.uber.space\/en\/suhl-fiction\/","title":{"rendered":"Suhl Fiction"},"content":{"rendered":"\t\t<div data-elementor-type=\"wp-page\" data-elementor-id=\"2967\" class=\"elementor elementor-2967\">\n\t\t\t\t<div class=\"elementor-element elementor-element-3257861e e-con-full e-flex e-con e-parent\" data-id=\"3257861e\" data-element_type=\"container\" data-e-type=\"container\" data-settings=\"{&quot;background_background&quot;:&quot;classic&quot;}\">\n\t\t<div class=\"elementor-element elementor-element-1e6641b e-flex e-con-boxed e-con e-child\" data-id=\"1e6641b\" data-element_type=\"container\" data-e-type=\"container\">\n\t\t\t\t\t<div class=\"e-con-inner\">\n\t\t\t\t<div class=\"elementor-element elementor-element-e1fa1a5 elementor-widget__width-initial elementor-widget elementor-widget-video\" data-id=\"e1fa1a5\" data-element_type=\"widget\" data-e-type=\"widget\" data-settings=\"{&quot;youtube_url&quot;:&quot;https:\\\/\\\/youtube.com\\\/shorts\\\/8cyKIbeZ0kU?feature=share&quot;,&quot;yt_privacy&quot;:&quot;yes&quot;,&quot;autoplay&quot;:&quot;yes&quot;,&quot;mute&quot;:&quot;yes&quot;,&quot;loop&quot;:&quot;yes&quot;,&quot;video_type&quot;:&quot;youtube&quot;,&quot;controls&quot;:&quot;yes&quot;}\" data-widget_type=\"video.default\">\n\t\t\t\t<div class=\"elementor-widget-container\">\n\t\t\t\t\t\t\t<div class=\"elementor-wrapper elementor-open-inline\">\n\t\t\t<div class=\"elementor-video\"><\/div>\t\t<\/div>\n\t\t\t\t\t\t<\/div>\n\t\t\t\t<\/div>\n\t\t\t\t<div class=\"elementor-element elementor-element-b609118 elementor-widget elementor-widget-spacer\" data-id=\"b609118\" data-element_type=\"widget\" data-e-type=\"widget\" data-widget_type=\"spacer.default\">\n\t\t\t\t<div class=\"elementor-widget-container\">\n\t\t\t\t\t\t\t<div class=\"elementor-spacer\">\n\t\t\t<div class=\"elementor-spacer-inner\"><\/div>\n\t\t<\/div>\n\t\t\t\t\t\t<\/div>\n\t\t\t\t<\/div>\n\t\t\t\t\t<\/div>\n\t\t\t\t<\/div>\n\t\t<div class=\"elementor-element elementor-element-4c1cfc8c e-con-full e-flex e-con e-child\" data-id=\"4c1cfc8c\" data-element_type=\"container\" data-e-type=\"container\">\n\t\t\t\t<div class=\"elementor-element elementor-element-adfa679 elementor-widget elementor-widget-heading\" data-id=\"adfa679\" data-element_type=\"widget\" data-e-type=\"widget\" data-widget_type=\"heading.default\">\n\t\t\t\t<div class=\"elementor-widget-container\">\n\t\t\t\t\t<h2 class=\"elementor-heading-title elementor-size-default\">Suhl Fiction \u2013 Ist die Stadt schon durchgespielt?<\/h2>\t\t\t\t<\/div>\n\t\t\t\t<\/div>\n\t\t\t\t<div class=\"elementor-element elementor-element-604e090 elementor-widget elementor-widget-heading\" data-id=\"604e090\" data-element_type=\"widget\" data-e-type=\"widget\" data-widget_type=\"heading.default\">\n\t\t\t\t<div class=\"elementor-widget-container\">\n\t\t\t\t\t<h2 class=\"elementor-heading-title elementor-size-default\">Baut gemeinsam euer eigenes Spiel!<\/h2>\t\t\t\t<\/div>\n\t\t\t\t<\/div>\n\t\t\t\t<div class=\"elementor-element elementor-element-8520731 elementor-widget elementor-widget-text-editor\" data-id=\"8520731\" data-element_type=\"widget\" data-e-type=\"widget\" data-widget_type=\"text-editor.default\">\n\t\t\t\t<div class=\"elementor-widget-container\">\n\t\t\t\t\t\t\t\t\t<div id=\"magicdomid141\" class=\"ace-line\"><p>Du hast Lust, Gaming und Theater, fiktive Erz\u00e4hlungen und reale Orte zu verbinden?<\/p><\/div><div class=\"ace-line\"><span class=\"author-a-z77z5e3a5z84zmd7z68zz85zvmgz90z\">Gemeinsam mit \u201e<\/span><span class=\"author-a-z77z5e3a5z84zmd7z68zz85zvmgz90z b\">machina eX\u201c aus Berlin entwickeln wir in Suhl von M\u00e4rz bis Juli ein interaktives Theater-Spiel, das wie ein begehbares Computerspiel funktioniert. Mit echten Orten und im Smartphone, mit echten und gespielten Menschen \u2013 und mit deinen Ideen.\u00a0<\/span><\/div><div id=\"magicdomid142\" class=\"ace-line\"><span class=\"author-a-z77z5e3a5z84zmd7z68zz85zvmgz90z\"><br \/>Zum n\u00e4chsten <\/span><span class=\"author-a-z77z5e3a5z84zmd7z68zz85zvmgz90z b\">Workshop vom 15.-17. Mai\u00a0 kannst du noch einsteigen, <span class=\"author-a-z77z5e3a5z84zmd7z68zz85zvmgz90z\">das sogenannte <\/span><span class=\"author-a-z77z5e3a5z84zmd7z68zz85zvmgz90z i\"><i>Game Theater\u00a0<\/i><\/span><span class=\"author-a-z77z5e3a5z84zmd7z68zz85zvmgz90z\">kennenlernen und selbst in der Gruppe ein erstes Spiel entwickeln. Wir treffen uns im<\/span>\u00a0Community Art Center (Steinweg 28 in Suhl, Eingang rechts neben M\u00fcller)<\/span> jeweils von 10 bis 16 Uhr, Mittagsessen inklusive!<\/div><div>\u00a0<\/div><div id=\"magicdomid143\" class=\"ace-line\"><span class=\"author-a-z77z5e3a5z84zmd7z68zz85zvmgz90z\"> <span class=\"author-a-3z75zz67zsz76z8z85z2hsz89zwmz70zz65zz84z\">Mitmachen k\u00f6nnen alle von 12 bis 35 Jahren, die sich mit Suhl verbunden f\u00fchlen \u2013 ob hier geboren, hergezogen oder nur auf Zeit in der Stadt<\/span>. Es sind k<\/span><span class=\"author-a-z77z5e3a5z84zmd7z68zz85zvmgz90z\">eine Vorkenntnisse n\u00f6tig. <\/span><span class=\"author-a-z69zlz82z4kz65zz74zx25xz75z1z79z1h\">F\u00fcr dich<\/span><span class=\"author-a-3z75zz67zsz76z8z85z2hsz89zwmz70zz65zz84z\"> ist die Teilnahme kostenlos, Fahrtkosten k\u00f6nnen erstattet werden.<\/span><\/div><div>\u00a0<\/div><div id=\"magicdomid146\" class=\"ace-line\"><span class=\"author-a-z77z5e3a5z84zmd7z68zz85zvmgz90z\">Melde dich jetzt an und werde Teil eines besonderen Projekts, das mit deiner Hilfe im Sommer in Suhl durchgespielt werden kann!<\/span><\/div>\t\t\t\t\t\t\t\t<\/div>\n\t\t\t\t<\/div>\n\t\t\t\t<div class=\"elementor-element elementor-element-5594b035 elementor-widget elementor-widget-spacer\" data-id=\"5594b035\" data-element_type=\"widget\" data-e-type=\"widget\" data-widget_type=\"spacer.default\">\n\t\t\t\t<div class=\"elementor-widget-container\">\n\t\t\t\t\t\t\t<div class=\"elementor-spacer\">\n\t\t\t<div class=\"elementor-spacer-inner\"><\/div>\n\t\t<\/div>\n\t\t\t\t\t\t<\/div>\n\t\t\t\t<\/div>\n\t\t\t\t<\/div>\n\t\t\t\t<\/div>\n\t\t<div class=\"elementor-element elementor-element-a1f36a0 e-flex e-con-boxed e-con e-parent\" data-id=\"a1f36a0\" data-element_type=\"container\" data-e-type=\"container\" data-settings=\"{&quot;background_background&quot;:&quot;classic&quot;}\">\n\t\t\t\t\t<div class=\"e-con-inner\">\n\t\t\t\t<div class=\"elementor-element elementor-element-195ac44 elementor-widget elementor-widget-spacer\" data-id=\"195ac44\" data-element_type=\"widget\" data-e-type=\"widget\" data-widget_type=\"spacer.default\">\n\t\t\t\t<div class=\"elementor-widget-container\">\n\t\t\t\t\t\t\t<div class=\"elementor-spacer\">\n\t\t\t<div class=\"elementor-spacer-inner\"><\/div>\n\t\t<\/div>\n\t\t\t\t\t\t<\/div>\n\t\t\t\t<\/div>\n\t\t\t\t<div class=\"elementor-element elementor-element-83c108e elementor-widget elementor-widget-heading\" data-id=\"83c108e\" data-element_type=\"widget\" data-e-type=\"widget\" data-widget_type=\"heading.default\">\n\t\t\t\t<div class=\"elementor-widget-container\">\n\t\t\t\t\t<h2 class=\"elementor-heading-title elementor-size-default\">H\u00e4ufige Fragen<\/h2>\t\t\t\t<\/div>\n\t\t\t\t<\/div>\n\t\t\t\t<div class=\"elementor-element elementor-element-93a439d elementor-widget elementor-widget-text-editor\" data-id=\"93a439d\" data-element_type=\"widget\" data-e-type=\"widget\" data-widget_type=\"text-editor.default\">\n\t\t\t\t<div class=\"elementor-widget-container\">\n\t\t\t\t\t\t\t\t\t<p><strong>Wer leitet den Workshop?<\/strong><br \/>Das Kollektiv <a href=\"https:\/\/machinaex.de\/\" target=\"_blank\" rel=\"noopener\">machina eX<\/a> aus Berlin entwickelt seit 2010 \u00e4hnliche Spiele selbst und gibt ihr Wissen gerne auch an junge Leute weiter.<\/p><p><b><br \/>Wer veranstaltet das Projekt?<\/b><\/p><p>Der gemeinn\u00fctzige Verein unofficial.pictures e.V. bringt seit 2022 in Suhl Menschen durch Kunst in Kontakt. Zum Beispiel konnten im Projekt \u201e<a href=\"https:\/\/www.suhl-nord.de\" target=\"_blank\" rel=\"noopener\">Suhl-Nord \u2013 Wieder im Gespr\u00e4ch<\/a>\u201c die Teilnehmenden von zwei Workshops jeweils eine Stadtteilzeitung erarbeiten, die wir kostenlos verteilt haben. Im Dezember 2024 haben wir im Steinweg das &#8222;Community Art Center&#8220; er\u00f6ffnet.<\/p><p><strong><br \/>Wann und wo geht es los?<\/strong><br \/>Von Freitag den 15. Mai bis Sonntag den 17. Mai, jeweils von 10\u201316 Uhr, treffen wir uns im Community Art Center im Steinweg 28 in Suhl (rechts der M\u00fcller-Drogerie geht es eine Treppe hoch. Wenn du Am Burghof 8 klingelst, kannst du den Fahrstuhl nehmen)<\/p><p><strong><br \/>Was ist insgesamt der Plan?<\/strong><\/p><ul><li>15.\u201317. Mai: n\u00e4chster Workshop zum Neu-Einsteigen<\/li><li>5.\u20137. Juni: Letzter Workshop zum Zusammenf\u00fcgen der Teile<\/li><li>8.\/9. Juli: Proben<\/li><li>10. Juli: Generalprobe<\/li><li>11.\/12. Juli: Auff\u00fchrungen im Stadtraum von Suhl mit anschlie\u00dfendem Essen im Community Art Center<\/li><\/ul><p><strong><br \/>Was ist, wenn ich nicht an allen Daten Zeit habe?<\/strong><\/p><p>Bitte schreibe uns das im Anmeldeformular und wir versuchen eine L\u00f6sung zu finden.<\/p><p><strong><br \/>F\u00fcr wen ist das?<\/strong><br \/>Alle Jugendlichen &amp; junge Erwachsene von 12\u201335 Jahre \u2013 egal ob hier geboren, hergezogen oder nur vor\u00fcbergehend in Suhl.<\/p><p><b><br \/>Muss ich mich mit Theater \/ Computerspielen auskennen?<\/b><\/p><p>Es sind keine besonderen Vorkenntnisse n\u00f6tig, Hauptsache du hast Lust darauf, mit anderen zusammen etwas zu entwickeln.<\/p><p><strong><b><br \/>Was kostet das?<\/b><\/strong><br \/>F\u00fcr euch ist die Teilnahme vollst\u00e4ndig kostenlos! Fahrtkosten aus der Umgebung werden erstattet (bei Anmeldung angeben). Das Projekt wird erm\u00f6glicht durch die F\u00f6rderungen von Fonds Soziokultur, Heidehof Stiftung und Freudenberg Stiftung sowie durch Spenden.<\/p><p><strong><b><br \/>Was ist, wenn ich noch Fragen habe?<\/b><\/strong><br \/>Schreib uns auf Instagram unter @cac.suhl oder per Mail an <a href=\"mailto:info@cac-s.de\">info@cac-s.de<\/a> oder uns sprich auf den Anrufbeantworter unter 03681-4662936 und wir rufen zur\u00fcck!<\/p>\t\t\t\t\t\t\t\t<\/div>\n\t\t\t\t<\/div>\n\t\t\t\t<div class=\"elementor-element elementor-element-481d262 elementor-widget elementor-widget-spacer\" data-id=\"481d262\" data-element_type=\"widget\" data-e-type=\"widget\" data-widget_type=\"spacer.default\">\n\t\t\t\t<div class=\"elementor-widget-container\">\n\t\t\t\t\t\t\t<div class=\"elementor-spacer\">\n\t\t\t<div class=\"elementor-spacer-inner\"><\/div>\n\t\t<\/div>\n\t\t\t\t\t\t<\/div>\n\t\t\t\t<\/div>\n\t\t\t\t\t<\/div>\n\t\t\t\t<\/div>\n\t\t<div class=\"elementor-element elementor-element-ccf58c7 e-flex e-con-boxed e-con e-parent\" data-id=\"ccf58c7\" data-element_type=\"container\" data-e-type=\"container\" data-settings=\"{&quot;background_background&quot;:&quot;classic&quot;}\">\n\t\t\t\t\t<div class=\"e-con-inner\">\n\t\t\t\t<div class=\"elementor-element elementor-element-bfcc75f elementor-widget elementor-widget-spacer\" data-id=\"bfcc75f\" data-element_type=\"widget\" data-e-type=\"widget\" data-widget_type=\"spacer.default\">\n\t\t\t\t<div class=\"elementor-widget-container\">\n\t\t\t\t\t\t\t<div class=\"elementor-spacer\">\n\t\t\t<div class=\"elementor-spacer-inner\"><\/div>\n\t\t<\/div>\n\t\t\t\t\t\t<\/div>\n\t\t\t\t<\/div>\n\t\t\t\t<div class=\"elementor-element elementor-element-365b886 elementor-widget elementor-widget-heading\" data-id=\"365b886\" data-element_type=\"widget\" data-e-type=\"widget\" data-widget_type=\"heading.default\">\n\t\t\t\t<div class=\"elementor-widget-container\">\n\t\t\t\t\t<h2 class=\"elementor-heading-title elementor-size-default\">Kostenfreie Anmeldung<\/h2>\t\t\t\t<\/div>\n\t\t\t\t<\/div>\n\t\t\t\t<div class=\"elementor-element elementor-element-71ec343 raven-form-button-align-spaced elementor-widget elementor-widget-raven-form\" data-id=\"71ec343\" data-element_type=\"widget\" data-e-type=\"widget\" data-settings=\"{&quot;fields&quot;:[{&quot;label&quot;:&quot;Name (Pflichtfeld)&quot;,&quot;field_custom_id&quot;:&quot;name&quot;,&quot;placeholder&quot;:&quot;Vorname Nachname&quot;,&quot;_id&quot;:&quot;71d6cad&quot;,&quot;acceptance_text&quot;:null,&quot;required&quot;:&quot;true&quot;,&quot;step_previous_button&quot;:null,&quot;step_next_button&quot;:null,&quot;width&quot;:&quot;80&quot;,&quot;type&quot;:&quot;text&quot;,&quot;recaptcha_badge&quot;:null,&quot;recaptcha_theme&quot;:null,&quot;recaptcha_size&quot;:null,&quot;checked_by_default&quot;:null,&quot;min_time&quot;:null,&quot;max_time&quot;:null,&quot;min_date&quot;:null,&quot;max_date&quot;:null,&quot;localization&quot;:null,&quot;min&quot;:null,&quot;max&quot;:null,&quot;field_options&quot;:null,&quot;inline_list&quot;:null,&quot;field_html&quot;:null,&quot;native_html5&quot;:null,&quot;multiple_selection&quot;:null,&quot;rows&quot;:null,&quot;iti_tel&quot;:null,&quot;iti_tel_tel_type&quot;:null,&quot;iti_tel_require_area&quot;:null,&quot;iti_tel_allow_dropdown&quot;:null,&quot;iti_tel_country_include&quot;:null,&quot;iti_tel_ip_detect&quot;:null,&quot;iti_tel_internationalize&quot;:null,&quot;file_sizes&quot;:null,&quot;file_types&quot;:null,&quot;allow_multiple_upload&quot;:null,&quot;max_files&quot;:null,&quot;step_icon&quot;:null,&quot;width_tablet&quot;:&quot;&quot;,&quot;width_mobile&quot;:&quot;&quot;,&quot;field_value&quot;:&quot;&quot;},{&quot;_id&quot;:&quot;7647b04&quot;,&quot;type&quot;:&quot;number&quot;,&quot;label&quot;:&quot;Alter (Pflichtfeld)&quot;,&quot;acceptance_text&quot;:null,&quot;required&quot;:&quot;true&quot;,&quot;step_previous_button&quot;:null,&quot;step_next_button&quot;:null,&quot;width&quot;:&quot;20&quot;,&quot;field_custom_id&quot;:&quot;alter&quot;,&quot;min&quot;:12,&quot;max&quot;:35,&quot;placeholder&quot;:&quot;&quot;,&quot;recaptcha_badge&quot;:null,&quot;recaptcha_theme&quot;:null,&quot;recaptcha_size&quot;:null,&quot;checked_by_default&quot;:null,&quot;min_time&quot;:null,&quot;max_time&quot;:null,&quot;min_date&quot;:null,&quot;max_date&quot;:null,&quot;localization&quot;:null,&quot;field_options&quot;:null,&quot;inline_list&quot;:null,&quot;field_html&quot;:null,&quot;native_html5&quot;:null,&quot;multiple_selection&quot;:null,&quot;rows&quot;:null,&quot;iti_tel&quot;:null,&quot;iti_tel_tel_type&quot;:null,&quot;iti_tel_require_area&quot;:null,&quot;iti_tel_allow_dropdown&quot;:null,&quot;iti_tel_country_include&quot;:null,&quot;iti_tel_ip_detect&quot;:null,&quot;iti_tel_internationalize&quot;:null,&quot;file_sizes&quot;:null,&quot;file_types&quot;:null,&quot;allow_multiple_upload&quot;:null,&quot;max_files&quot;:null,&quot;step_icon&quot;:null,&quot;width_tablet&quot;:&quot;&quot;,&quot;width_mobile&quot;:&quot;&quot;,&quot;field_value&quot;:&quot;&quot;},{&quot;_id&quot;:&quot;738fc2e&quot;,&quot;label&quot;:&quot;Wie k\\u00f6nnen wir dich am besten kontaktieren? (Pflichtfeld)&quot;,&quot;placeholder&quot;:&quot;E-Mail-Adrese, Instagram-Username, Telefonnummer, WhatsApp-Nummer, Signal-Username, Telegram-Username, ... ?&quot;,&quot;acceptance_text&quot;:null,&quot;required&quot;:&quot;true&quot;,&quot;step_previous_button&quot;:null,&quot;step_next_button&quot;:null,&quot;field_custom_id&quot;:&quot;bevorzugterkontakt&quot;,&quot;type&quot;:&quot;text&quot;,&quot;recaptcha_badge&quot;:null,&quot;recaptcha_theme&quot;:null,&quot;recaptcha_size&quot;:null,&quot;checked_by_default&quot;:null,&quot;min_time&quot;:null,&quot;max_time&quot;:null,&quot;min_date&quot;:null,&quot;max_date&quot;:null,&quot;localization&quot;:null,&quot;min&quot;:null,&quot;max&quot;:null,&quot;field_options&quot;:null,&quot;inline_list&quot;:null,&quot;field_html&quot;:null,&quot;native_html5&quot;:null,&quot;multiple_selection&quot;:null,&quot;rows&quot;:null,&quot;iti_tel&quot;:null,&quot;iti_tel_tel_type&quot;:null,&quot;iti_tel_require_area&quot;:null,&quot;iti_tel_allow_dropdown&quot;:null,&quot;iti_tel_country_include&quot;:null,&quot;iti_tel_ip_detect&quot;:null,&quot;iti_tel_internationalize&quot;:null,&quot;file_sizes&quot;:null,&quot;file_types&quot;:null,&quot;allow_multiple_upload&quot;:null,&quot;max_files&quot;:null,&quot;step_icon&quot;:null,&quot;width&quot;:&quot;100&quot;,&quot;width_tablet&quot;:&quot;&quot;,&quot;width_mobile&quot;:&quot;&quot;,&quot;field_value&quot;:&quot;&quot;},{&quot;type&quot;:&quot;textarea&quot;,&quot;label&quot;:&quot;&lt;br \\\/&gt;Was brauchst du noch, um gut teilnehmen zu k\\u00f6nnen?&quot;,&quot;placeholder&quot;:&quot;Bestimmtes Mittagessen \\\/ Verdolmetschung \\\/ Kinderbetreuung \\\/Barrierefreier Eingang (ist vorhanden \\u00fcber Fahrstuhl Am Burghof 8, aber Toilette ist sehr klein) \\\/ Fahrtkosten \\\/ anderes&quot;,&quot;acceptance_text&quot;:null,&quot;step_previous_button&quot;:null,&quot;step_next_button&quot;:null,&quot;field_custom_id&quot;:&quot;field_1b04acf&quot;,&quot;rows&quot;:3,&quot;_id&quot;:&quot;1b04acf&quot;,&quot;recaptcha_badge&quot;:null,&quot;recaptcha_theme&quot;:null,&quot;recaptcha_size&quot;:null,&quot;checked_by_default&quot;:null,&quot;min_time&quot;:null,&quot;max_time&quot;:null,&quot;min_date&quot;:null,&quot;max_date&quot;:null,&quot;localization&quot;:null,&quot;min&quot;:null,&quot;max&quot;:null,&quot;field_options&quot;:null,&quot;inline_list&quot;:null,&quot;field_html&quot;:null,&quot;native_html5&quot;:null,&quot;multiple_selection&quot;:null,&quot;required&quot;:&quot;&quot;,&quot;iti_tel&quot;:null,&quot;iti_tel_tel_type&quot;:null,&quot;iti_tel_require_area&quot;:null,&quot;iti_tel_allow_dropdown&quot;:null,&quot;iti_tel_country_include&quot;:null,&quot;iti_tel_ip_detect&quot;:null,&quot;iti_tel_internationalize&quot;:null,&quot;file_sizes&quot;:null,&quot;file_types&quot;:null,&quot;allow_multiple_upload&quot;:null,&quot;max_files&quot;:null,&quot;step_icon&quot;:null,&quot;width&quot;:&quot;100&quot;,&quot;width_tablet&quot;:&quot;&quot;,&quot;width_mobile&quot;:&quot;&quot;,&quot;field_value&quot;:&quot;&quot;}],&quot;steps_type&quot;:&quot;number&quot;,&quot;steps_icon_shape&quot;:&quot;circle&quot;}\" data-widget_type=\"raven-form.default\">\n\t\t\t\t<div class=\"elementor-widget-container\">\n\t\t\t\t\t\t\t<form class=\"raven-form raven-flex raven-flex-wrap raven-flex-bottom\" method=\"post\" name=\"New form\">\n\t\t\t<input type=\"hidden\" name=\"post_id\" value=\"2967\" \/>\n\t\t\t<input type=\"hidden\" name=\"form_id\" value=\"71ec343\" \/>\n\t\t\t\t\t<div id=\"raven-field-group-71d6cad\" class=\"raven-flex-wrap raven-field-type-text raven-field-group elementor-column elementor-col-80 raven-field-required\">\n\t\t\t\t\t<label\n\t\t\tfor=\"form-field-71d6cad\"\n\t\t\tclass=\"raven-field-label\">\n\t\t\tName (Pflichtfeld)\t\t\t\t\t\t\t<span class=\"required-mark-label\"><\/span>\n\t\t\t\t\t\t<\/label>\n\t\t\t\t<input\n\t\t\toninput=\"onInvalidRavenFormField(event)\"\n\t\t\toninvalid=\"onInvalidRavenFormField(event)\"\n\t\t\ttype=\"text\" name=\"fields[71d6cad]\" id=\"form-field-71d6cad\" class=\"raven-field\" placeholder=\"Vorname Nachname\" data-type=\"text\" required=\"required\">\n\t\t\t\t<\/div>\n\t\t\t\t<div id=\"raven-field-group-7647b04\" class=\"raven-flex-wrap raven-field-type-number raven-field-group elementor-column elementor-col-20 raven-field-required\">\n\t\t\t\t\t<label\n\t\t\tfor=\"form-field-7647b04\"\n\t\t\tclass=\"raven-field-label\">\n\t\t\tAlter (Pflichtfeld)\t\t\t\t\t\t\t<span class=\"required-mark-label\"><\/span>\n\t\t\t\t\t\t<\/label>\n\t\t\t\t<input\n\t\t\toninput=\"onInvalidRavenFormField(event)\"\n\t\t\toninvalid=\"onInvalidRavenFormField(event)\"\n\t\t\ttype=\"number\" name=\"fields[7647b04]\" id=\"form-field-7647b04\" class=\"raven-field\" placeholder=\"\" data-type=\"number\" required=\"required\" min=\"12\" max=\"35\">\n\t\t\t\t<\/div>\n\t\t\t\t<div id=\"raven-field-group-738fc2e\" class=\"raven-flex-wrap raven-field-type-text raven-field-group elementor-column elementor-col-100 raven-field-required\">\n\t\t\t\t\t<label\n\t\t\tfor=\"form-field-738fc2e\"\n\t\t\tclass=\"raven-field-label\">\n\t\t\tWie k\u00f6nnen wir dich am besten kontaktieren? (Pflichtfeld)\t\t\t\t\t\t\t<span class=\"required-mark-label\"><\/span>\n\t\t\t\t\t\t<\/label>\n\t\t\t\t<input\n\t\t\toninput=\"onInvalidRavenFormField(event)\"\n\t\t\toninvalid=\"onInvalidRavenFormField(event)\"\n\t\t\ttype=\"text\" name=\"fields[738fc2e]\" id=\"form-field-738fc2e\" class=\"raven-field\" placeholder=\"E-Mail-Adrese, Instagram-Username, Telefonnummer, WhatsApp-Nummer, Signal-Username, Telegram-Username, ... ?\" data-type=\"text\" required=\"required\">\n\t\t\t\t<\/div>\n\t\t\t\t<div id=\"raven-field-group-1b04acf\" class=\"raven-flex-wrap raven-field-type-textarea raven-field-group elementor-column elementor-col-100\">\n\t\t\t\t\t<label\n\t\t\tfor=\"form-field-1b04acf\"\n\t\t\tclass=\"raven-field-label\">\n\t\t\t<br \/>Was brauchst du noch, um gut teilnehmen zu k\u00f6nnen?\t\t\t\t\t\t<\/label>\n\t\t\t\t<textarea\n\t\t\toninput=\"onInvalidRavenFormField(event)\"\n\t\t\toninvalid=\"onInvalidRavenFormField(event)\"\n\t\t\ttype=\"textarea\" name=\"fields[1b04acf]\" id=\"form-field-1b04acf\" class=\"raven-field\" placeholder=\"Bestimmtes Mittagessen \/ Verdolmetschung \/ Kinderbetreuung \/Barrierefreier Eingang (ist vorhanden \u00fcber Fahrstuhl Am Burghof 8, aber Toilette ist sehr klein) \/ Fahrtkosten \/ anderes\" data-type=\"textarea\"\t\t\trows=\"3\"><\/textarea>\n\t\t\t\t<\/div>\n\t\t\t\t\t\t\t<div class=\"raven-field-group raven-field-type-submit-button elementor-column elementor-col-100\">\n\t\t\t\t\t\t\t\t\t<button class=\"raven-submit-button\" type=\"submit\">\n\t\t\t\t\t\t<span>Kostenfrei anmelden<\/span>\n\t\t<\/button>\n\t\t\t\t\t\t\t<\/div>\n\t\t\t\t<\/form>\n\n\t\t\t\t\t\t\t\t<\/div>\n\t\t\t\t<\/div>\n\t\t\t\t<div class=\"elementor-element elementor-element-e93b82a elementor-widget elementor-widget-spacer\" data-id=\"e93b82a\" data-element_type=\"widget\" data-e-type=\"widget\" data-widget_type=\"spacer.default\">\n\t\t\t\t<div class=\"elementor-widget-container\">\n\t\t\t\t\t\t\t<div class=\"elementor-spacer\">\n\t\t\t<div class=\"elementor-spacer-inner\"><\/div>\n\t\t<\/div>\n\t\t\t\t\t\t<\/div>\n\t\t\t\t<\/div>\n\t\t\t\t\t<\/div>\n\t\t\t\t<\/div>\n\t\t<div class=\"elementor-element elementor-element-1f63767 e-flex e-con-boxed e-con e-parent\" data-id=\"1f63767\" data-element_type=\"container\" data-e-type=\"container\">\n\t\t\t\t\t<div class=\"e-con-inner\">\n\t\t\t\t<div class=\"elementor-element elementor-element-62bb71a elementor-widget elementor-widget-image\" data-id=\"62bb71a\" data-element_type=\"widget\" data-e-type=\"widget\" data-widget_type=\"image.default\">\n\t\t\t\t<div class=\"elementor-widget-container\">\n\t\t\t\t\t\t\t\t\t\t\t\t\t\t\t<img fetchpriority=\"high\" decoding=\"async\" width=\"1024\" height=\"85\" src=\"https:\/\/pictures.uber.space\/wp-content\/uploads\/2024\/08\/logoleiste-neu-1024x85.png\" class=\"attachment-large size-large wp-image-2076\" alt=\"\" srcset=\"https:\/\/pictures.uber.space\/wp-content\/uploads\/2024\/08\/logoleiste-neu-1024x85.png 1024w, https:\/\/pictures.uber.space\/wp-content\/uploads\/2024\/08\/logoleiste-neu-600x50.png 600w, https:\/\/pictures.uber.space\/wp-content\/uploads\/2024\/08\/logoleiste-neu-300x25.png 300w, https:\/\/pictures.uber.space\/wp-content\/uploads\/2024\/08\/logoleiste-neu-768x64.png 768w, https:\/\/pictures.uber.space\/wp-content\/uploads\/2024\/08\/logoleiste-neu-1536x128.png 1536w, https:\/\/pictures.uber.space\/wp-content\/uploads\/2024\/08\/logoleiste-neu-2048x170.png 2048w, https:\/\/pictures.uber.space\/wp-content\/uploads\/2024\/08\/logoleiste-neu-18x1.png 18w\" sizes=\"(max-width: 1024px) 100vw, 1024px\" \/>\t\t\t\t\t\t\t\t\t\t\t\t\t\t\t<\/div>\n\t\t\t\t<\/div>\n\t\t\t\t\t<\/div>\n\t\t\t\t<\/div>\n\t\t<div class=\"elementor-element elementor-element-080f676 e-flex e-con-boxed e-con e-parent\" data-id=\"080f676\" data-element_type=\"container\" data-e-type=\"container\">\n\t\t\t\t\t<div class=\"e-con-inner\">\n\t\t\t\t\t<\/div>\n\t\t\t\t<\/div>\n\t\t<div class=\"elementor-element elementor-element-2d35b54 e-flex e-con-boxed e-con e-parent\" data-id=\"2d35b54\" data-element_type=\"container\" data-e-type=\"container\">\n\t\t\t\t\t<div class=\"e-con-inner\">\n\t\t\t\t\t<\/div>\n\t\t\t\t<\/div>\n\t\t\t\t<\/div>\n\t\t","protected":false},"excerpt":{"rendered":"<p>Suhl Fiction \u2013 Ist die Stadt schon durchgespielt? Baut gemeinsam euer eigenes Spiel! Du hast Lust, Gaming und Theater, fiktive Erz\u00e4hlungen und reale Orte zu verbinden? Gemeinsam mit \u201emachina eX\u201c aus Berlin entwickeln wir in Suhl von M\u00e4rz bis Juli ein interaktives Theater-Spiel, das wie ein begehbares Computerspiel funktioniert. Mit echten Orten und im Smartphone, [&hellip;]<\/p>\n","protected":false},"author":1,"featured_media":0,"parent":0,"menu_order":0,"comment_status":"closed","ping_status":"closed","template":"full-width.php","meta":{"footnotes":""},"class_list":["post-2967","page","type-page","status-publish","hentry"],"_links":{"self":[{"href":"https:\/\/pictures.uber.space\/en\/wp-json\/wp\/v2\/pages\/2967","targetHints":{"allow":["GET"]}}],"collection":[{"href":"https:\/\/pictures.uber.space\/en\/wp-json\/wp\/v2\/pages"}],"about":[{"href":"https:\/\/pictures.uber.space\/en\/wp-json\/wp\/v2\/types\/page"}],"author":[{"embeddable":true,"href":"https:\/\/pictures.uber.space\/en\/wp-json\/wp\/v2\/users\/1"}],"replies":[{"embeddable":true,"href":"https:\/\/pictures.uber.space\/en\/wp-json\/wp\/v2\/comments?post=2967"}],"version-history":[{"count":91,"href":"https:\/\/pictures.uber.space\/en\/wp-json\/wp\/v2\/pages\/2967\/revisions"}],"predecessor-version":[{"id":3146,"href":"https:\/\/pictures.uber.space\/en\/wp-json\/wp\/v2\/pages\/2967\/revisions\/3146"}],"wp:attachment":[{"href":"https:\/\/pictures.uber.space\/en\/wp-json\/wp\/v2\/media?parent=2967"}],"curies":[{"name":"wp","href":"https:\/\/api.w.org\/{rel}","templated":true}]}}