{"id":2655,"date":"2025-08-20T12:52:51","date_gmt":"2025-08-20T10:52:51","guid":{"rendered":"https:\/\/pictures.uber.space\/?page_id=2655"},"modified":"2025-08-20T13:23:48","modified_gmt":"2025-08-20T11:23:48","slug":"news","status":"publish","type":"page","link":"https:\/\/pictures.uber.space\/en\/news\/","title":{"rendered":"news"},"content":{"rendered":"<div data-elementor-type=\"wp-page\" data-elementor-id=\"2655\" class=\"elementor elementor-2655\">\n\t\t\t\t<div class=\"elementor-element elementor-element-4b82b1ac e-con-full e-flex e-con e-parent\" data-id=\"4b82b1ac\" data-element_type=\"container\" data-e-type=\"container\" data-settings=\"{&quot;background_background&quot;:&quot;classic&quot;}\">\n\t\t\t\t<div class=\"elementor-element elementor-element-29d35ea7 elementor-widget elementor-widget-heading\" data-id=\"29d35ea7\" data-element_type=\"widget\" data-e-type=\"widget\" data-widget_type=\"heading.default\">\n\t\t\t\t<div class=\"elementor-widget-container\">\n\t\t\t\t\t<h2 class=\"elementor-heading-title elementor-size-default\">news<\/h2>\t\t\t\t<\/div>\n\t\t\t\t<\/div>\n\t\t\t\t<\/div>\n\t\t<div class=\"elementor-element elementor-element-6c2fd173 e-flex e-con-boxed e-con e-parent\" data-id=\"6c2fd173\" data-element_type=\"container\" data-e-type=\"container\" data-settings=\"{&quot;background_background&quot;:&quot;classic&quot;}\">\n\t\t\t\t\t<div class=\"e-con-inner\">\n\t\t\t\t<div class=\"elementor-element elementor-element-983a635 elementor-widget elementor-widget-spacer\" data-id=\"983a635\" data-element_type=\"widget\" data-e-type=\"widget\" data-widget_type=\"spacer.default\">\n\t\t\t\t<div class=\"elementor-widget-container\">\n\t\t\t\t\t\t\t<div class=\"elementor-spacer\">\n\t\t\t<div class=\"elementor-spacer-inner\"><\/div>\n\t\t<\/div>\n\t\t\t\t\t\t<\/div>\n\t\t\t\t<\/div>\n\t\t\t\t<div class=\"elementor-element elementor-element-4fc15e5 elementor-widget elementor-widget-heading\" data-id=\"4fc15e5\" data-element_type=\"widget\" data-e-type=\"widget\" data-widget_type=\"heading.default\">\n\t\t\t\t<div class=\"elementor-widget-container\">\n\t\t\t\t\t<h4 class=\"elementor-heading-title elementor-size-default\">Subscribe to the newsletter<\/h4>\t\t\t\t<\/div>\n\t\t\t\t<\/div>\n\t\t\t\t<div class=\"elementor-element elementor-element-4bf8d42 elementor-widget elementor-widget-text-editor\" data-id=\"4bf8d42\" data-element_type=\"widget\" data-e-type=\"widget\" data-widget_type=\"text-editor.default\">\n\t\t\t\t<div class=\"elementor-widget-container\">\n\t\t\t\t\t\t\t\t\t<p class=\" translation-block\">Approximately four times a year, we send out our newsletter with invitations and reports on recent projects. You can <a href=\"https:\/\/pictures.uber.space\/newsletter\/\" target=\"_self\">sign up<\/a> for it here.<\/p>\t\t\t\t\t\t\t\t<\/div>\n\t\t\t\t<\/div>\n\t\t\t\t<div class=\"elementor-element elementor-element-b26bd9e elementor-widget elementor-widget-spacer\" data-id=\"b26bd9e\" data-element_type=\"widget\" data-e-type=\"widget\" data-widget_type=\"spacer.default\">\n\t\t\t\t<div class=\"elementor-widget-container\">\n\t\t\t\t\t\t\t<div class=\"elementor-spacer\">\n\t\t\t<div class=\"elementor-spacer-inner\"><\/div>\n\t\t<\/div>\n\t\t\t\t\t\t<\/div>\n\t\t\t\t<\/div>\n\t\t\t\t<div class=\"elementor-element elementor-element-0602edd elementor-widget elementor-widget-heading\" data-id=\"0602edd\" data-element_type=\"widget\" data-e-type=\"widget\" data-widget_type=\"heading.default\">\n\t\t\t\t<div class=\"elementor-widget-container\">\n\t\t\t\t\t<h4 class=\"elementor-heading-title elementor-size-default\">Latest news<\/h4>\t\t\t\t<\/div>\n\t\t\t\t<\/div>\n\t\t\t\t<div class=\"elementor-element elementor-element-e32a480 elementor-widget elementor-widget-raven-advanced-posts\" data-id=\"e32a480\" data-element_type=\"widget\" data-e-type=\"widget\" data-settings=\"{&quot;columns&quot;:&quot;2&quot;,&quot;general_layout&quot;:&quot;masonry&quot;,&quot;columns_tablet&quot;:&quot;2&quot;,&quot;columns_mobile&quot;:&quot;1&quot;,&quot;query_posts_per_page&quot;:6,&quot;query_orderby&quot;:&quot;date&quot;,&quot;query_offset&quot;:0}\" data-widget_type=\"raven-advanced-posts.default\">\n\t\t\t\t<div class=\"elementor-widget-container\">\n\t\t\t\t\t\t\t<div class=\"raven-posts raven-posts-masonry\">\n\t\t\t\t\t\t<div class=\"advanced-posts-content content-layout-under-image raven-masonry raven-masonry-2 raven-masonry-mobile-1 raven-masonry-tablet-2\" data-post-id=\"2655\" data-archive-query=\"\">\n\t\t\t\t<div class=\"raven-posts-item raven-masonry-item\"><div class=\"raven-post-wrapper\"><div class=\"raven-post\"><div class=\"raven-post-image-wrap\"><a class=\"raven-post-image raven-image-fit\" href=\"https:\/\/pictures.uber.space\/en\/allgemein\/es-gibt-grenzen-eroeffnung-und-vernissage-in-leipzig-ab-5-juni\/\"> <img fetchpriority=\"high\" decoding=\"async\" width=\"1024\" height=\"807\" src=\"https:\/\/pictures.uber.space\/wp-content\/uploads\/2025\/05\/hirsch-web-1024x807.jpg\" class=\"attachment-large size-large wp-image-2609\" alt=\"\" srcset=\"https:\/\/pictures.uber.space\/wp-content\/uploads\/2025\/05\/hirsch-web-1024x807.jpg 1024w, https:\/\/pictures.uber.space\/wp-content\/uploads\/2025\/05\/hirsch-web-300x236.jpg 300w, https:\/\/pictures.uber.space\/wp-content\/uploads\/2025\/05\/hirsch-web-768x605.jpg 768w, https:\/\/pictures.uber.space\/wp-content\/uploads\/2025\/05\/hirsch-web-15x12.jpg 15w, https:\/\/pictures.uber.space\/wp-content\/uploads\/2025\/05\/hirsch-web-600x473.jpg 600w, https:\/\/pictures.uber.space\/wp-content\/uploads\/2025\/05\/hirsch-web.jpg 1360w\" sizes=\"(max-width: 1024px) 100vw, 1024px\" \/><span class=\"raven-post-image-overlay\"><\/span><\/a><\/div><div class=\"raven-post-content\" data-id=\"2664\"><div class=\"raven-post-meta\"><a class=\"raven-post-meta-item raven-post-date\" href=\"https:\/\/pictures.uber.space\/en\/2025\/05\/\" rel=\"bookmark\">05.20.2025<\/a><\/div><h4 class=\"raven-post-title\"><a class=\"raven-post-title-link\" href=\"https:\/\/pictures.uber.space\/en\/allgemein\/es-gibt-grenzen-eroeffnung-und-vernissage-in-leipzig-ab-5-juni\/\">\u2018There are borders\u2019 \u2013 opening and vernissage in Leipzig from 5 June<\/a><\/h4><div class=\"raven-post-excerpt\">In 2016, LEGIDA grew larger and larger and changed interpersonal life in Leipzig. The media was dominated by dehumanising, linguistic images of migrants. We wanted to counteract this and founded unofficial.pictures.<\/div><\/div><\/div><\/div><\/div><div class=\"raven-posts-item raven-masonry-item\"><div class=\"raven-post-wrapper\"><div class=\"raven-post\"><div class=\"raven-post-image-wrap\"><a class=\"raven-post-image raven-image-fit\" href=\"https:\/\/pictures.uber.space\/en\/allgemein\/ausstellung-zur-erstaufnahme-in-suhl-entwickelt-sich-weiter\/\"> <img decoding=\"async\" width=\"1024\" height=\"768\" src=\"https:\/\/pictures.uber.space\/wp-content\/uploads\/2025\/09\/hoerabend-doku-1024x768.jpeg\" class=\"attachment-large size-large wp-image-2743\" alt=\"\" srcset=\"https:\/\/pictures.uber.space\/wp-content\/uploads\/2025\/09\/hoerabend-doku-1024x768.jpeg 1024w, https:\/\/pictures.uber.space\/wp-content\/uploads\/2025\/09\/hoerabend-doku-300x225.jpeg 300w, https:\/\/pictures.uber.space\/wp-content\/uploads\/2025\/09\/hoerabend-doku-768x576.jpeg 768w, https:\/\/pictures.uber.space\/wp-content\/uploads\/2025\/09\/hoerabend-doku-1536x1152.jpeg 1536w, https:\/\/pictures.uber.space\/wp-content\/uploads\/2025\/09\/hoerabend-doku-16x12.jpeg 16w, https:\/\/pictures.uber.space\/wp-content\/uploads\/2025\/09\/hoerabend-doku-600x450.jpeg 600w, https:\/\/pictures.uber.space\/wp-content\/uploads\/2025\/09\/hoerabend-doku.jpeg 2048w\" sizes=\"(max-width: 1024px) 100vw, 1024px\" \/><span class=\"raven-post-image-overlay\"><\/span><\/a><\/div><div class=\"raven-post-content\" data-id=\"2879\"><div class=\"raven-post-meta\"><a class=\"raven-post-meta-item raven-post-date\" href=\"https:\/\/pictures.uber.space\/en\/2025\/05\/\" rel=\"bookmark\">05.15.2025<\/a><\/div><h4 class=\"raven-post-title\"><a class=\"raven-post-title-link\" href=\"https:\/\/pictures.uber.space\/en\/allgemein\/ausstellung-zur-erstaufnahme-in-suhl-entwickelt-sich-weiter\/\">Exhibition on initial reception in Suhl continues to evolve<\/a><\/h4><div class=\"raven-post-excerpt\">Since the opening of the Community Art Centre, our space for dialogue and change art in Suhl, photos and interviews from our project \u2018Perspektivwechsel Erstaufnahme\u2019 (Change of Perspective: Initial Reception) have also been on display there.<\/div><\/div><\/div><\/div><\/div><div class=\"raven-posts-item raven-masonry-item\"><div class=\"raven-post-wrapper\"><div class=\"raven-post\"><div class=\"raven-post-image-wrap\"><a class=\"raven-post-image raven-image-fit\" href=\"https:\/\/pictures.uber.space\/en\/allgemein\/community-art-center-in-suhl-eroeffnet\/\"> <img decoding=\"async\" width=\"1024\" height=\"1024\" src=\"https:\/\/pictures.uber.space\/wp-content\/uploads\/2025\/08\/newsletter-23-eroeffnung-1024x1024-1.jpeg\" class=\"attachment-large size-large wp-image-2670\" alt=\"\" srcset=\"https:\/\/pictures.uber.space\/wp-content\/uploads\/2025\/08\/newsletter-23-eroeffnung-1024x1024-1.jpeg 1024w, https:\/\/pictures.uber.space\/wp-content\/uploads\/2025\/08\/newsletter-23-eroeffnung-1024x1024-1-300x300.jpeg 300w, https:\/\/pictures.uber.space\/wp-content\/uploads\/2025\/08\/newsletter-23-eroeffnung-1024x1024-1-150x150.jpeg 150w, https:\/\/pictures.uber.space\/wp-content\/uploads\/2025\/08\/newsletter-23-eroeffnung-1024x1024-1-768x768.jpeg 768w, https:\/\/pictures.uber.space\/wp-content\/uploads\/2025\/08\/newsletter-23-eroeffnung-1024x1024-1-12x12.jpeg 12w, https:\/\/pictures.uber.space\/wp-content\/uploads\/2025\/08\/newsletter-23-eroeffnung-1024x1024-1-500x500.jpeg 500w, https:\/\/pictures.uber.space\/wp-content\/uploads\/2025\/08\/newsletter-23-eroeffnung-1024x1024-1-600x600.jpeg 600w, https:\/\/pictures.uber.space\/wp-content\/uploads\/2025\/08\/newsletter-23-eroeffnung-1024x1024-1-100x100.jpeg 100w\" sizes=\"(max-width: 1024px) 100vw, 1024px\" \/><span class=\"raven-post-image-overlay\"><\/span><\/a><\/div><div class=\"raven-post-content\" data-id=\"2666\"><div class=\"raven-post-meta\"><a class=\"raven-post-meta-item raven-post-date\" href=\"https:\/\/pictures.uber.space\/en\/2025\/02\/\" rel=\"bookmark\">02.14.2025<\/a><\/div><h4 class=\"raven-post-title\"><a class=\"raven-post-title-link\" href=\"https:\/\/pictures.uber.space\/en\/allgemein\/community-art-center-in-suhl-eroeffnet\/\">Community Art Centre opens in Suhl<\/a><\/h4><div class=\"raven-post-excerpt\">The grand opening of the Community Art Centre Suhl on 7 December was a wonderful event, thanks to the Meckerchor choir, a moderated three-course meal and many interested guests! The exhibition of our project \u2018Perspektivwechsel Erstaufnahme\u2019 (Change of Perspective: Initial Reception) is now open every Wednesday and Thursday.<\/div><\/div><\/div><\/div><\/div><div class=\"raven-posts-item raven-masonry-item\"><div class=\"raven-post-wrapper\"><div class=\"raven-post\"><div class=\"raven-post-content\" data-id=\"2705\"><div class=\"raven-post-meta\"><a class=\"raven-post-meta-item raven-post-date\" href=\"https:\/\/pictures.uber.space\/en\/2024\/05\/\" rel=\"bookmark\">05.22.2024<\/a><\/div><h4 class=\"raven-post-title\"><a class=\"raven-post-title-link\" href=\"https:\/\/pictures.uber.space\/en\/allgemein\/einladung-zur-vernissage-von-komplex-heimat\/\">Invitation to the opening of \u2018Komplex: Homeland\u2019<\/a><\/h4><div class=\"raven-post-excerpt\">Photo: \u2018Battle of Leipzig, Markkleeberg, 2021\u2019 from Frieder's work \u2018Komplex : Heimat\u2019 Komplex : Heimat by Frieder Bickhardt Exhibition as part of the f\/stop Festival for Photography Leipzig. 31 May \u2013 16 June 2024 at the S\u00e4chsischer Wartesaal, Leipzig Central Station Exhibition opening on 31 May 2024, 7 p.m.<\/div><\/div><\/div><\/div><\/div><div class=\"raven-posts-item raven-masonry-item\"><div class=\"raven-post-wrapper\"><div class=\"raven-post\"><div class=\"raven-post-content\" data-id=\"2712\"><div class=\"raven-post-meta\"><a class=\"raven-post-meta-item raven-post-date\" href=\"https:\/\/pictures.uber.space\/en\/2024\/04\/\" rel=\"bookmark\">04.09.2024<\/a><\/div><h4 class=\"raven-post-title\"><a class=\"raven-post-title-link\" href=\"https:\/\/pictures.uber.space\/en\/allgemein\/workshop-und-ausstellung-im-rahmen-des-f-stop-festivals\/\">Workshop and exhibition as part of the f\/stop festival<\/a><\/h4><div class=\"raven-post-excerpt\">Photo: \u2018#wirsindmehr, Chemnitz, 03.09.2018\u2019 from Frieder's work \u2018Komplex : Heimat\u2019 The f\/stop Festival for Photography runs from 31 May to 16 June 2024 and, true to its title \u2018Flucht in die \u00d6ffentlichkeit\u2019 (Escape into the Public Sphere), will expand into public spaces.<\/div><\/div><\/div><\/div><\/div><div class=\"raven-posts-item raven-masonry-item\"><div class=\"raven-post-wrapper\"><div class=\"raven-post\"><div class=\"raven-post-content\" data-id=\"2715\"><div class=\"raven-post-meta\"><a class=\"raven-post-meta-item raven-post-date\" href=\"https:\/\/pictures.uber.space\/en\/2024\/02\/\" rel=\"bookmark\">02.13.2024<\/a><\/div><h4 class=\"raven-post-title\"><a class=\"raven-post-title-link\" href=\"https:\/\/pictures.uber.space\/en\/allgemein\/release-magazin-von-hier\/\">Release magazine \u2018von hier\u2019 (from here)<\/a><\/h4><div class=\"raven-post-excerpt\">Release of the magazine \u2018von hier\u2019 We would like to cordially invite you to the magazine release and reading! In the photography and writing workshop in Leipzig with John Sauter and Frieder Bickhardt, seven participants explored their origins and identities.<\/div><\/div><\/div><\/div><\/div>\t\t\t<\/div>\n\t\t\t\t\t<\/div>\n\t\t\t\t\t\t<\/div>\n\t\t\t\t<\/div>\n\t\t\t\t<div class=\"elementor-element elementor-element-8c55ba2 elementor-widget elementor-widget-heading\" data-id=\"8c55ba2\" data-element_type=\"widget\" data-e-type=\"widget\" data-widget_type=\"heading.default\">\n\t\t\t\t<div class=\"elementor-widget-container\">\n\t\t\t\t\t<h4 class=\"elementor-heading-title elementor-size-default\">Past projects and events<\/h4>\t\t\t\t<\/div>\n\t\t\t\t<\/div>\n\t\t\t\t<div class=\"elementor-element elementor-element-5a98508 elementor-widget elementor-widget-text-editor\" data-id=\"5a98508\" data-element_type=\"widget\" data-e-type=\"widget\" data-widget_type=\"text-editor.default\">\n\t\t\t\t<div class=\"elementor-widget-container\">\n\t\t\t\t\t\t\t\t\t<p class=\" translation-block\">For past projects, please refer to the <a href=\"https:\/\/pictures.uber.space\/projects\/\" target=\"_self\">\u00dcbersicht unter projects<\/a>.<\/p>\t\t\t\t\t\t\t\t<\/div>\n\t\t\t\t<\/div>\n\t\t\t\t<div class=\"elementor-element elementor-element-4bfef89 elementor-widget elementor-widget-spacer\" data-id=\"4bfef89\" data-element_type=\"widget\" data-e-type=\"widget\" data-widget_type=\"spacer.default\">\n\t\t\t\t<div class=\"elementor-widget-container\">\n\t\t\t\t\t\t\t<div class=\"elementor-spacer\">\n\t\t\t<div class=\"elementor-spacer-inner\"><\/div>\n\t\t<\/div>\n\t\t\t\t\t\t<\/div>\n\t\t\t\t<\/div>\n\t\t\t\t\t<\/div>\n\t\t\t\t<\/div>\n\t\t\t\t<\/div>","protected":false},"excerpt":{"rendered":"<p>news Zum Newsletter anmelden Circa 4-mal im Jahr versenden wir unseren Newsletter mit Einladungen und Berichten \u00fcber letzte Projekte. Hier k\u00f6nnt ihr euch daf\u00fcr anmelden. Letzte Neuigkeiten 07.21.2025 Bundesfreiwilligendienst bei unofficial.pictures Du. interessierst dich f\u00fcr die Verbindung von Gesellschaft, Politik und Zeitgen\u00f6ssischer Kunst?. orientierst dich gerade neu, m\u00f6chtest Praxiserfahrung sammeln, mal was Neues ausprobieren oder [&hellip;]<\/p>\n","protected":false},"author":1,"featured_media":0,"parent":0,"menu_order":0,"comment_status":"closed","ping_status":"closed","template":"","meta":{"footnotes":""},"class_list":["post-2655","page","type-page","status-publish","hentry"],"_links":{"self":[{"href":"https:\/\/pictures.uber.space\/en\/wp-json\/wp\/v2\/pages\/2655","targetHints":{"allow":["GET"]}}],"collection":[{"href":"https:\/\/pictures.uber.space\/en\/wp-json\/wp\/v2\/pages"}],"about":[{"href":"https:\/\/pictures.uber.space\/en\/wp-json\/wp\/v2\/types\/page"}],"author":[{"embeddable":true,"href":"https:\/\/pictures.uber.space\/en\/wp-json\/wp\/v2\/users\/1"}],"replies":[{"embeddable":true,"href":"https:\/\/pictures.uber.space\/en\/wp-json\/wp\/v2\/comments?post=2655"}],"version-history":[{"count":22,"href":"https:\/\/pictures.uber.space\/en\/wp-json\/wp\/v2\/pages\/2655\/revisions"}],"predecessor-version":[{"id":2697,"href":"https:\/\/pictures.uber.space\/en\/wp-json\/wp\/v2\/pages\/2655\/revisions\/2697"}],"wp:attachment":[{"href":"https:\/\/pictures.uber.space\/en\/wp-json\/wp\/v2\/media?parent=2655"}],"curies":[{"name":"wp","href":"https:\/\/api.w.org\/{rel}","templated":true}]}}