{"id":2209,"date":"2024-10-08T12:04:41","date_gmt":"2024-10-08T10:04:41","guid":{"rendered":"https:\/\/pictures.uber.space\/?page_id=2209"},"modified":"2026-01-09T16:38:04","modified_gmt":"2026-01-09T15:38:04","slug":"vorwort","status":"publish","type":"page","link":"https:\/\/pictures.uber.space\/en\/perspektivwechsel-erstaufnahme\/vorwort\/","title":{"rendered":"Vorwort und Inhalt"},"content":{"rendered":"<div data-elementor-type=\"wp-page\" data-elementor-id=\"2209\" class=\"elementor elementor-2209\">\n\t\t\t\t<div class=\"elementor-element elementor-element-3257861e e-flex e-con-boxed e-con e-parent\" data-id=\"3257861e\" data-element_type=\"container\" data-e-type=\"container\">\n\t\t\t\t\t<div class=\"e-con-inner\">\n\t\t<div class=\"elementor-element elementor-element-1bfe4227 e-con-full e-flex e-con e-child\" data-id=\"1bfe4227\" data-element_type=\"container\" data-e-type=\"container\">\n\t\t\t\t<div class=\"elementor-element elementor-element-b31d7a5 elementor-widget elementor-widget-spacer\" data-id=\"b31d7a5\" data-element_type=\"widget\" data-e-type=\"widget\" data-widget_type=\"spacer.default\">\n\t\t\t\t<div class=\"elementor-widget-container\">\n\t\t\t\t\t\t\t<div class=\"elementor-spacer\">\n\t\t\t<div class=\"elementor-spacer-inner\"><\/div>\n\t\t<\/div>\n\t\t\t\t\t\t<\/div>\n\t\t\t\t<\/div>\n\t\t\t\t<div class=\"elementor-element elementor-element-3607161 elementor-widget elementor-widget-image\" data-id=\"3607161\" data-element_type=\"widget\" data-e-type=\"widget\" data-widget_type=\"image.default\">\n\t\t\t\t<div class=\"elementor-widget-container\">\n\t\t\t\t\t\t\t\t\t\t\t\t\t\t\t<img fetchpriority=\"high\" decoding=\"async\" width=\"1024\" height=\"683\" src=\"https:\/\/pictures.uber.space\/wp-content\/uploads\/2024\/10\/klein_DSC9767-1024x683.jpg\" class=\"attachment-large size-large wp-image-2211\" alt=\"\" srcset=\"https:\/\/pictures.uber.space\/wp-content\/uploads\/2024\/10\/klein_DSC9767-1024x683.jpg 1024w, https:\/\/pictures.uber.space\/wp-content\/uploads\/2024\/10\/klein_DSC9767-scaled-600x400.jpg 600w, https:\/\/pictures.uber.space\/wp-content\/uploads\/2024\/10\/klein_DSC9767-300x200.jpg 300w, https:\/\/pictures.uber.space\/wp-content\/uploads\/2024\/10\/klein_DSC9767-768x512.jpg 768w, https:\/\/pictures.uber.space\/wp-content\/uploads\/2024\/10\/klein_DSC9767-1536x1024.jpg 1536w, https:\/\/pictures.uber.space\/wp-content\/uploads\/2024\/10\/klein_DSC9767-2048x1365.jpg 2048w, https:\/\/pictures.uber.space\/wp-content\/uploads\/2024\/10\/klein_DSC9767-18x12.jpg 18w\" sizes=\"(max-width: 1024px) 100vw, 1024px\" \/>\t\t\t\t\t\t\t\t\t\t\t\t\t\t\t<\/div>\n\t\t\t\t<\/div>\n\t\t\t\t<div class=\"elementor-element elementor-element-148f54e0 elementor-widget elementor-widget-spacer\" data-id=\"148f54e0\" data-element_type=\"widget\" data-e-type=\"widget\" data-widget_type=\"spacer.default\">\n\t\t\t\t<div class=\"elementor-widget-container\">\n\t\t\t\t\t\t\t<div class=\"elementor-spacer\">\n\t\t\t<div class=\"elementor-spacer-inner\"><\/div>\n\t\t<\/div>\n\t\t\t\t\t\t<\/div>\n\t\t\t\t<\/div>\n\t\t\t\t<\/div>\n\t\t<div class=\"elementor-element elementor-element-4c1cfc8c e-con-full e-flex e-con e-child\" data-id=\"4c1cfc8c\" data-element_type=\"container\" data-e-type=\"container\">\n\t\t\t\t<div class=\"elementor-element elementor-element-728a76f elementor-widget elementor-widget-spacer\" data-id=\"728a76f\" data-element_type=\"widget\" data-e-type=\"widget\" data-widget_type=\"spacer.default\">\n\t\t\t\t<div class=\"elementor-widget-container\">\n\t\t\t\t\t\t\t<div class=\"elementor-spacer\">\n\t\t\t<div class=\"elementor-spacer-inner\"><\/div>\n\t\t<\/div>\n\t\t\t\t\t\t<\/div>\n\t\t\t\t<\/div>\n\t\t\t\t<div class=\"elementor-element elementor-element-7525595f elementor-align-right elementor-widget elementor-widget-button\" data-id=\"7525595f\" data-element_type=\"widget\" data-e-type=\"widget\" data-widget_type=\"button.default\">\n\t\t\t\t<div class=\"elementor-widget-container\">\n\t\t\t\t\t\t\t\t\t<div class=\"elementor-button-wrapper\">\n\t\t\t\t\t<a class=\"elementor-button elementor-button-link elementor-size-sm\" href=\"https:\/\/pictures.uber.space\/perspektivwechsel-erstaufnahme\/#Inhalt\">\n\t\t\t\t\t\t<span class=\"elementor-button-content-wrapper\">\n\t\t\t\t\t\t\t\t\t<span class=\"elementor-button-text\">TO OVERVIEW<\/span>\n\t\t\t\t\t<\/span>\n\t\t\t\t\t<\/a>\n\t\t\t\t<\/div>\n\t\t\t\t\t\t\t\t<\/div>\n\t\t\t\t<\/div>\n\t\t\t\t<div class=\"elementor-element elementor-element-c9bd3a9 elementor-widget elementor-widget-text-editor\" data-id=\"c9bd3a9\" data-element_type=\"widget\" data-e-type=\"widget\" data-widget_type=\"text-editor.default\">\n\t\t\t\t<div class=\"elementor-widget-container\">\n\t\t\t\t\t\t\t\t\t<p><br><\/p><p><br><\/p><p><br><\/p><p><br><\/p><p><br><\/p><p>Die Alte Schleusinger Stra\u00dfe ist der k\u00fcrzeste Fu\u00dfweg ins Zentrum. Er wird von vielen Bewohner*innen der EAE genutzt, wenn sie einkaufen, oder einfach Zeit im Zentrum verbringen wollen. Der steile Weg ist sehr beschwerlich v.a. f\u00fcr alte und andere beeintr\u00e4chtigte Menschen.<\/p><p><br><\/p><p><br><\/p>\t\t\t\t\t\t\t\t<\/div>\n\t\t\t\t<\/div>\n\t\t\t\t<div class=\"elementor-element elementor-element-5594b035 elementor-widget elementor-widget-spacer\" data-id=\"5594b035\" data-element_type=\"widget\" data-e-type=\"widget\" data-widget_type=\"spacer.default\">\n\t\t\t\t<div class=\"elementor-widget-container\">\n\t\t\t\t\t\t\t<div class=\"elementor-spacer\">\n\t\t\t<div class=\"elementor-spacer-inner\"><\/div>\n\t\t<\/div>\n\t\t\t\t\t\t<\/div>\n\t\t\t\t<\/div>\n\t\t\t\t<\/div>\n\t\t\t\t\t<\/div>\n\t\t\t\t<\/div>\n\t\t<div class=\"elementor-element elementor-element-a1f36a0 e-flex e-con-boxed e-con e-parent\" data-id=\"a1f36a0\" data-element_type=\"container\" data-e-type=\"container\" data-settings=\"{&quot;background_background&quot;:&quot;classic&quot;}\">\n\t\t\t\t\t<div class=\"e-con-inner\">\n\t\t\t\t<div class=\"elementor-element elementor-element-195ac44 elementor-widget elementor-widget-spacer\" data-id=\"195ac44\" data-element_type=\"widget\" data-e-type=\"widget\" data-widget_type=\"spacer.default\">\n\t\t\t\t<div class=\"elementor-widget-container\">\n\t\t\t\t\t\t\t<div class=\"elementor-spacer\">\n\t\t\t<div class=\"elementor-spacer-inner\"><\/div>\n\t\t<\/div>\n\t\t\t\t\t\t<\/div>\n\t\t\t\t<\/div>\n\t\t\t\t<div class=\"elementor-element elementor-element-83c108e elementor-widget elementor-widget-heading\" data-id=\"83c108e\" data-element_type=\"widget\" data-e-type=\"widget\" data-widget_type=\"heading.default\">\n\t\t\t\t<div class=\"elementor-widget-container\">\n\t\t\t\t\t<h2 class=\"elementor-heading-title elementor-size-default\">Inhalt der Zeitung<\/h2>\t\t\t\t<\/div>\n\t\t\t\t<\/div>\n\t\t\t\t<div class=\"elementor-element elementor-element-3dc1733 elementor-widget elementor-widget-text-editor\" data-id=\"3dc1733\" data-element_type=\"widget\" data-e-type=\"widget\" data-widget_type=\"text-editor.default\">\n\t\t\t\t<div class=\"elementor-widget-container\">\n\t\t\t\t\t\t\t\t\t<h5><b>Conversations<\/b><\/h5><p><b>A retailer from the city center<br \/><\/b>\u00bbIt is always difficult to place perceptions or statements taken out of context into a larger context when you don't know the whole picture.\u00ab<b> <\/b><\/p><p><b><br \/>Rashid, who experiences a lot of rejection in Suhl<br \/><\/b>\u00bbLet them arrive first and try, if you want, to greet them with positive energy\u2014or else just leave them alone.\u00ab<b><br \/><\/b><\/p><p><b><br \/>Doreen Fischer, Local Editor, Freies Wort<br \/><\/b>\u00bbIn our everyday work, we simply don't have the time to say: I'll take a look and talk to someone.\u00ab<\/p><p><b><br \/>Reinhard Hotop, independent asylum procedure advisor<\/b><br \/>\u00bbI think any German who found themselves in such a situation would go crazy. They wouldn't be able to stand it for long. But the people there are afraid.\u00ab<\/p><p><b><br \/>A queer person who has been living in the EAE for over six months<\/b><br \/>\u00bbThe people in Suhl don't expect the people in the camp to be like me.\u00ab<b><br \/><\/b><\/p><p>\u00a0<\/p><p><b><br \/>A resident on the footpath to the initial reception center<br \/><\/b>\u00bbThere are a few\u2014maybe not even ten or twenty out of a thousand\u2014but still, something could happen.\u00ab<\/p><p><b><br \/>Riadh Ben Ammar, theater producer<br \/><\/b>\u00bbInstead of saying that migrants have nothing to do with crime, I try to explain: Why do they do that?\u00ab<\/p><h5>\u00a0<\/h5><h5><b>Additional material<\/b><\/h5><p>Statistics on vacancy rates and population development<\/p><p>Statistics on the proportion of forcibly displaced persons in the population of various countries<\/p><p>Structural deficiencies in the initial reception center in Suhl<\/p><p>Chronicle of racist incidents in Suhl<\/p><p>Food at the EAE<\/p><p>Open letter on healthcare in initial reception centers<\/p><p>Asylum procedure process<\/p><p>Information on work permits for refugees<\/p><p>A plea for a second look at crime statistics<\/p>\t\t\t\t\t\t\t\t<\/div>\n\t\t\t\t<\/div>\n\t\t\t\t<div class=\"elementor-element elementor-element-481d262 elementor-widget elementor-widget-spacer\" data-id=\"481d262\" data-element_type=\"widget\" data-e-type=\"widget\" data-widget_type=\"spacer.default\">\n\t\t\t\t<div class=\"elementor-widget-container\">\n\t\t\t\t\t\t\t<div class=\"elementor-spacer\">\n\t\t\t<div class=\"elementor-spacer-inner\"><\/div>\n\t\t<\/div>\n\t\t\t\t\t\t<\/div>\n\t\t\t\t<\/div>\n\t\t\t\t\t<\/div>\n\t\t\t\t<\/div>\n\t\t<div class=\"elementor-element elementor-element-37888dfb e-flex e-con-boxed e-con e-parent\" data-id=\"37888dfb\" data-element_type=\"container\" data-e-type=\"container\" data-settings=\"{&quot;background_background&quot;:&quot;classic&quot;}\">\n\t\t\t\t\t<div class=\"e-con-inner\">\n\t\t\t\t<div class=\"elementor-element elementor-element-12b24cd5 elementor-widget elementor-widget-spacer\" data-id=\"12b24cd5\" data-element_type=\"widget\" data-e-type=\"widget\" data-widget_type=\"spacer.default\">\n\t\t\t\t<div class=\"elementor-widget-container\">\n\t\t\t\t\t\t\t<div class=\"elementor-spacer\">\n\t\t\t<div class=\"elementor-spacer-inner\"><\/div>\n\t\t<\/div>\n\t\t\t\t\t\t<\/div>\n\t\t\t\t<\/div>\n\t\t\t\t<div class=\"elementor-element elementor-element-1bb307e elementor-widget elementor-widget-heading\" data-id=\"1bb307e\" data-element_type=\"widget\" data-e-type=\"widget\" data-widget_type=\"heading.default\">\n\t\t\t\t<div class=\"elementor-widget-container\">\n\t\t\t\t\t<h2 class=\"elementor-heading-title elementor-size-default\">Preface<\/h2>\t\t\t\t<\/div>\n\t\t\t\t<\/div>\n\t\t\t\t<div class=\"elementor-element elementor-element-66d97d9a elementor-widget elementor-widget-text-editor\" data-id=\"66d97d9a\" data-element_type=\"widget\" data-e-type=\"widget\" data-widget_type=\"text-editor.default\">\n\t\t\t\t<div class=\"elementor-widget-container\">\n\t\t\t\t\t\t\t\t\t<p>Suhl ist seit 2014 Standort der zentralen Erstaufnahmeeinrichtung f\u00fcr gefl\u00fcchtete Menschen in Th\u00fcringen. Seitdem wurde in Suhl sehr viel <i>\u00fcber<\/i> die Menschen in der Einrichtung gesprochen, aber wenig <i>mit <\/i>den Menschen, die direkt involviert sind. Deshalb haben wir sie interviewt: Vom Anwohner am Fu\u00dfweg in die Stadt und einem Einzelh\u00e4ndler, \u00fcber gefl\u00fcchtete und von Rassismus betroffene Menschen, bis zu Mitarbeitenden einer Beratungsstelle oder der Lokalzeitung. Sie alle haben, ob sie es wollen oder nicht, immer wieder mit der Einrichtung zu tun und dabei unterschiedliche Erfahrungen gemacht. Nat\u00fcrlich bilden diese sieben Gespr\u00e4che bei weitem nicht alle Perspektiven ab, die f\u00fcr das Thema wichtig sind. Aber sie sind ein Anfang.<\/p><p>Ankn\u00fcpfend an unser Zeitungsprojekt \u00fcber Suhl-Nord haben wir diese Erfahrungen nun in dieser Foto-Text-Zeitung zusammengetragen. Erg\u00e4nzt werden die Gespr\u00e4chsprotokolle durch Zahlen und Fakten zum Thema und Fotos unterschiedlicher Lebensrealit\u00e4ten in Suhl.<span class=\"Apple-converted-space\">\u00a0 <\/span>So wollen wir einen Blick hinter die oberfl\u00e4chlich sichtbaren Probleme erm\u00f6glichen und zum Nachdenken anregen: Wie k\u00f6nnen die unterschiedlichen Perspektiven zusammengebracht werden?<\/p><p>We want to use the different perspectives to emphasise the complexity of the issue of migration and integration in Suhl and beyond. In our view, apportioning blame and making hasty judgements will not get us anywhere. Not only does this hurt people and break off the discourse, it also jeopardises our chance to really make Suhl a better place to live. Because for us, the question must always be at the centre: If we put the well-being of all people at the centre, what solutions can we come up with?<\/p><p>Almost all the people we spoke to recognise the need for more dialogue \u2013 about fears, prejudices, different realities of life and security needs. And we are committed to continuing this dialogue after publication. This can happen in our \u201cCommunity Art Centre\u201d, which we are opening in the centre of Suhl at the end of September. We are already planning an initial workshop for young people to engage with the newspaper and publish their reactions as a podcast and on the project website. The newspaper and the dialogue about it can also come to you: At your school, in your coffee group or at your workplace \u2013 talk to us. Support us in distributing the newspapers if you think the project is important. And why not take the conversations in the newspaper as an inspiration to start a dialogue yourself \u2013 with people who have a different perspective.<\/p><p><b><i>unofficial.pictures<span class=\"Apple-converted-space\">\u00a0 <\/span><\/i><\/b><i>Suhl im August 2024<\/i><\/p>\t\t\t\t\t\t\t\t<\/div>\n\t\t\t\t<\/div>\n\t\t\t\t<div class=\"elementor-element elementor-element-2cb75b14 elementor-widget elementor-widget-spacer\" data-id=\"2cb75b14\" data-element_type=\"widget\" data-e-type=\"widget\" data-widget_type=\"spacer.default\">\n\t\t\t\t<div class=\"elementor-widget-container\">\n\t\t\t\t\t\t\t<div class=\"elementor-spacer\">\n\t\t\t<div class=\"elementor-spacer-inner\"><\/div>\n\t\t<\/div>\n\t\t\t\t\t\t<\/div>\n\t\t\t\t<\/div>\n\t\t\t\t\t<\/div>\n\t\t\t\t<\/div>\n\t\t<div class=\"elementor-element elementor-element-7dc750b0 e-flex e-con-boxed e-con e-parent\" data-id=\"7dc750b0\" data-element_type=\"container\" data-e-type=\"container\" data-settings=\"{&quot;background_background&quot;:&quot;classic&quot;}\">\n\t\t\t\t\t<div class=\"e-con-inner\">\n\t\t\t\t<div class=\"elementor-element elementor-element-51211d34 elementor-widget elementor-widget-spacer\" data-id=\"51211d34\" data-element_type=\"widget\" data-e-type=\"widget\" data-widget_type=\"spacer.default\">\n\t\t\t\t<div class=\"elementor-widget-container\">\n\t\t\t\t\t\t\t<div class=\"elementor-spacer\">\n\t\t\t<div class=\"elementor-spacer-inner\"><\/div>\n\t\t<\/div>\n\t\t\t\t\t\t<\/div>\n\t\t\t\t<\/div>\n\t\t\t\t<div class=\"elementor-element elementor-element-6f8ad4cc elementor-widget elementor-widget-text-editor\" data-id=\"6f8ad4cc\" data-element_type=\"widget\" data-e-type=\"widget\" data-widget_type=\"text-editor.default\">\n\t\t\t\t<div class=\"elementor-widget-container\">\n\t\t\t\t\t\t\t\t\t<p>Die Ver\u00f6ffentlichung stellt keine Meinungs\u00e4u\u00dferung des BMFSJ oder des BAFzA dar. F\u00fcr inhaltiche Aussagen tragen die Autor*innen die Verantwortung.<\/p>\t\t\t\t\t\t\t\t<\/div>\n\t\t\t\t<\/div>\n\t\t\t\t<div class=\"elementor-element elementor-element-61e7f61c elementor-widget elementor-widget-spacer\" data-id=\"61e7f61c\" data-element_type=\"widget\" data-e-type=\"widget\" data-widget_type=\"spacer.default\">\n\t\t\t\t<div class=\"elementor-widget-container\">\n\t\t\t\t\t\t\t<div class=\"elementor-spacer\">\n\t\t\t<div class=\"elementor-spacer-inner\"><\/div>\n\t\t<\/div>\n\t\t\t\t\t\t<\/div>\n\t\t\t\t<\/div>\n\t\t\t\t\t<\/div>\n\t\t\t\t<\/div>\n\t\t<div class=\"elementor-element elementor-element-1f63767 e-flex e-con-boxed e-con e-parent\" data-id=\"1f63767\" data-element_type=\"container\" data-e-type=\"container\">\n\t\t\t\t\t<div class=\"e-con-inner\">\n\t\t\t\t<div class=\"elementor-element elementor-element-62bb71a elementor-widget elementor-widget-image\" data-id=\"62bb71a\" data-element_type=\"widget\" data-e-type=\"widget\" data-widget_type=\"image.default\">\n\t\t\t\t<div class=\"elementor-widget-container\">\n\t\t\t\t\t\t\t\t\t\t\t\t\t\t\t<img decoding=\"async\" width=\"1024\" height=\"85\" src=\"https:\/\/pictures.uber.space\/wp-content\/uploads\/2024\/08\/logoleiste-neu-1024x85.png\" class=\"attachment-large size-large wp-image-2076\" alt=\"\" srcset=\"https:\/\/pictures.uber.space\/wp-content\/uploads\/2024\/08\/logoleiste-neu-1024x85.png 1024w, https:\/\/pictures.uber.space\/wp-content\/uploads\/2024\/08\/logoleiste-neu-600x50.png 600w, https:\/\/pictures.uber.space\/wp-content\/uploads\/2024\/08\/logoleiste-neu-300x25.png 300w, https:\/\/pictures.uber.space\/wp-content\/uploads\/2024\/08\/logoleiste-neu-768x64.png 768w, https:\/\/pictures.uber.space\/wp-content\/uploads\/2024\/08\/logoleiste-neu-1536x128.png 1536w, https:\/\/pictures.uber.space\/wp-content\/uploads\/2024\/08\/logoleiste-neu-2048x170.png 2048w, https:\/\/pictures.uber.space\/wp-content\/uploads\/2024\/08\/logoleiste-neu-18x1.png 18w\" sizes=\"(max-width: 1024px) 100vw, 1024px\" \/>\t\t\t\t\t\t\t\t\t\t\t\t\t\t\t<\/div>\n\t\t\t\t<\/div>\n\t\t\t\t\t<\/div>\n\t\t\t\t<\/div>\n\t\t\t\t<\/div>","protected":false},"excerpt":{"rendered":"<p>ZUR \u00dcBERSICHT Die Alte Schleusinger Stra\u00dfe ist der k\u00fcrzeste Fu\u00dfweg ins Zentrum. Er wird von vielen Bewohner*innen der EAE genutzt, wenn sie einkaufen, oder einfach Zeit im Zentrum verbringen wollen. Der steile Weg ist sehr beschwerlich v.a. f\u00fcr alte und andere beeintr\u00e4chtigte Menschen. Inhalt der Zeitung Gespr\u00e4che Ein Einzelh\u00e4ndler aus dem Zentrum\u00bbEs ist immer schwierig, [&hellip;]<\/p>\n","protected":false},"author":2,"featured_media":0,"parent":2014,"menu_order":0,"comment_status":"closed","ping_status":"closed","template":"full-width.php","meta":{"footnotes":""},"class_list":["post-2209","page","type-page","status-publish","hentry"],"_links":{"self":[{"href":"https:\/\/pictures.uber.space\/en\/wp-json\/wp\/v2\/pages\/2209","targetHints":{"allow":["GET"]}}],"collection":[{"href":"https:\/\/pictures.uber.space\/en\/wp-json\/wp\/v2\/pages"}],"about":[{"href":"https:\/\/pictures.uber.space\/en\/wp-json\/wp\/v2\/types\/page"}],"author":[{"embeddable":true,"href":"https:\/\/pictures.uber.space\/en\/wp-json\/wp\/v2\/users\/2"}],"replies":[{"embeddable":true,"href":"https:\/\/pictures.uber.space\/en\/wp-json\/wp\/v2\/comments?post=2209"}],"version-history":[{"count":11,"href":"https:\/\/pictures.uber.space\/en\/wp-json\/wp\/v2\/pages\/2209\/revisions"}],"predecessor-version":[{"id":2965,"href":"https:\/\/pictures.uber.space\/en\/wp-json\/wp\/v2\/pages\/2209\/revisions\/2965"}],"up":[{"embeddable":true,"href":"https:\/\/pictures.uber.space\/en\/wp-json\/wp\/v2\/pages\/2014"}],"wp:attachment":[{"href":"https:\/\/pictures.uber.space\/en\/wp-json\/wp\/v2\/media?parent=2209"}],"curies":[{"name":"wp","href":"https:\/\/api.w.org\/{rel}","templated":true}]}}