{"id":1471,"date":"2024-07-15T14:05:41","date_gmt":"2024-07-15T12:05:41","guid":{"rendered":"https:\/\/pictures.uber.space\/?page_id=1471"},"modified":"2025-09-09T10:18:00","modified_gmt":"2025-09-09T08:18:00","slug":"about","status":"publish","type":"page","link":"https:\/\/pictures.uber.space\/en\/about\/","title":{"rendered":"about"},"content":{"rendered":"<div data-elementor-type=\"wp-page\" data-elementor-id=\"1471\" class=\"elementor elementor-1471\">\n\t\t\t\t<div class=\"elementor-element elementor-element-4b82b1ac e-con-full e-flex e-con e-parent\" data-id=\"4b82b1ac\" data-element_type=\"container\" data-e-type=\"container\" data-settings=\"{&quot;background_background&quot;:&quot;classic&quot;}\">\n\t\t\t\t<div class=\"elementor-element elementor-element-29d35ea7 elementor-widget elementor-widget-heading\" data-id=\"29d35ea7\" data-element_type=\"widget\" data-e-type=\"widget\" data-widget_type=\"heading.default\">\n\t\t\t\t<div class=\"elementor-widget-container\">\n\t\t\t\t\t<h2 class=\"elementor-heading-title elementor-size-default\">about\/spaces<\/h2>\t\t\t\t<\/div>\n\t\t\t\t<\/div>\n\t\t\t\t<\/div>\n\t\t<div class=\"elementor-element elementor-element-7bf04510 e-flex e-con-boxed e-con e-parent\" data-id=\"7bf04510\" data-element_type=\"container\" data-e-type=\"container\" data-settings=\"{&quot;background_background&quot;:&quot;classic&quot;}\">\n\t\t\t\t\t<div class=\"e-con-inner\">\n\t\t\t\t<div class=\"elementor-element elementor-element-2dc6240 elementor-widget elementor-widget-text-editor\" data-id=\"2dc6240\" data-element_type=\"widget\" data-e-type=\"widget\" data-widget_type=\"text-editor.default\">\n\t\t\t\t<div class=\"elementor-widget-container\">\n\t\t\t\t\t\t\t\t\t<p>group photo from the workshop \u00bbSuhl-Nord - From our perspective\u00ab<\/p>\t\t\t\t\t\t\t\t<\/div>\n\t\t\t\t<\/div>\n\t\t\t\t<div class=\"elementor-element elementor-element-327dbb0f elementor-widget elementor-widget-heading\" data-id=\"327dbb0f\" data-element_type=\"widget\" data-e-type=\"widget\" data-widget_type=\"heading.default\">\n\t\t\t\t<div class=\"elementor-widget-container\">\n\t\t\t\t\t<h2 class=\"elementor-heading-title elementor-size-default\">about unofficial.pictures<\/h2>\t\t\t\t<\/div>\n\t\t\t\t<\/div>\n\t\t\t\t<div class=\"elementor-element elementor-element-3c26444 elementor-widget elementor-widget-text-editor\" data-id=\"3c26444\" data-element_type=\"widget\" data-e-type=\"widget\" data-widget_type=\"text-editor.default\">\n\t\t\t\t<div class=\"elementor-widget-container\">\n\t\t\t\t\t\t\t\t\t<p>Since 2016, unofficial.pictures has been bringing people from different backgrounds together through photography-based personal stories. The aim is to generate empathy and understanding across social groups and thus break down discrimination. We develop exhibitions, books, newspapers, and films, and empower others in workshops to use these approaches for themselves and their causes. The focus is on the inclusion and participation of people who are from social groups that are underrepresented in the media.<\/p><p>In December 2024, the association created a space for dialogue and transformative art in Suhl with the Community Art Center. In June 2025, unofficial.pictures e.V. opened a new exhibition and project space in Leipzig. In both spaces, people are encouraged to engage in dialogue about social issues through professional art and to initiate change. The association and the two institutions are coordinated by documentary photographers Rafael Brix (Suhl) and Frieder Bickhardt (Leipzig). In addition to volunteers, Toni Pohontsch (fundraising) and two federal volunteers are permanent members of the team.<\/p><p>Our programmes are aimed at young people and adults, primarily those interested in culture and politics. We place particular emphasis on the inclusion of underrepresented groups, especially migrants, BIPoC and queer people.<\/p><p>The association is financed by various municipal and national project grants as well as by foundations.<\/p>\t\t\t\t\t\t\t\t<\/div>\n\t\t\t\t<\/div>\n\t\t\t\t<div class=\"elementor-element elementor-element-d5a8792 elementor-widget elementor-widget-spacer\" data-id=\"d5a8792\" data-element_type=\"widget\" data-e-type=\"widget\" data-widget_type=\"spacer.default\">\n\t\t\t\t<div class=\"elementor-widget-container\">\n\t\t\t\t\t\t\t<div class=\"elementor-spacer\">\n\t\t\t<div class=\"elementor-spacer-inner\"><\/div>\n\t\t<\/div>\n\t\t\t\t\t\t<\/div>\n\t\t\t\t<\/div>\n\t\t\t\t\t<\/div>\n\t\t\t\t<\/div>\n\t\t<div class=\"elementor-element elementor-element-6c2fd173 e-flex e-con-boxed e-con e-parent\" data-id=\"6c2fd173\" data-element_type=\"container\" data-e-type=\"container\" data-settings=\"{&quot;background_background&quot;:&quot;classic&quot;}\">\n\t\t\t\t\t<div class=\"e-con-inner\">\n\t\t<div class=\"elementor-element elementor-element-53d0ca1d e-con-full e-flex e-con e-child\" data-id=\"53d0ca1d\" data-element_type=\"container\" data-e-type=\"container\">\n\t\t\t\t<div class=\"elementor-element elementor-element-469ede1c elementor-widget elementor-widget-image\" data-id=\"469ede1c\" data-element_type=\"widget\" data-e-type=\"widget\" data-widget_type=\"image.default\">\n\t\t\t\t<div class=\"elementor-widget-container\">\n\t\t\t\t\t\t\t\t\t\t\t\t\t\t\t<img fetchpriority=\"high\" decoding=\"async\" width=\"999\" height=\"787\" src=\"https:\/\/pictures.uber.space\/wp-content\/uploads\/2025\/08\/IMG_5040.jpg\" class=\"attachment-large size-large wp-image-2729\" alt=\"\" srcset=\"https:\/\/pictures.uber.space\/wp-content\/uploads\/2025\/08\/IMG_5040.jpg 999w, https:\/\/pictures.uber.space\/wp-content\/uploads\/2025\/08\/IMG_5040-300x236.jpg 300w, https:\/\/pictures.uber.space\/wp-content\/uploads\/2025\/08\/IMG_5040-768x605.jpg 768w, https:\/\/pictures.uber.space\/wp-content\/uploads\/2025\/08\/IMG_5040-15x12.jpg 15w, https:\/\/pictures.uber.space\/wp-content\/uploads\/2025\/08\/IMG_5040-600x473.jpg 600w\" sizes=\"(max-width: 999px) 100vw, 999px\" \/>\t\t\t\t\t\t\t\t\t\t\t\t\t\t\t<\/div>\n\t\t\t\t<\/div>\n\t\t\t\t<\/div>\n\t\t<div class=\"elementor-element elementor-element-41856ced e-con-full e-flex e-con e-child\" data-id=\"41856ced\" data-element_type=\"container\" data-e-type=\"container\">\n\t\t\t\t<div class=\"elementor-element elementor-element-2af1d25e elementor-widget elementor-widget-heading\" data-id=\"2af1d25e\" data-element_type=\"widget\" data-e-type=\"widget\" data-widget_type=\"heading.default\">\n\t\t\t\t<div class=\"elementor-widget-container\">\n\t\t\t\t\t<h2 class=\"elementor-heading-title elementor-size-default\">Community art center Suhl<\/h2>\t\t\t\t<\/div>\n\t\t\t\t<\/div>\n\t\t\t\t<div class=\"elementor-element elementor-element-180a3f03 elementor-widget elementor-widget-text-editor\" data-id=\"180a3f03\" data-element_type=\"widget\" data-e-type=\"widget\" data-widget_type=\"text-editor.default\">\n\t\t\t\t<div class=\"elementor-widget-container\">\n\t\t\t\t\t\t\t\t\t<p style=\"text-align: left;\">With the Community Art Centre, we want to create a place for dialogue, art and change. Exhibitions, theatre performances, workshops and much more take place here \u2013 always on topics that are relevant to Suhl.<\/p><p style=\"text-align: left;\">You can view the changing special exhibitions by appointment \u2013 or during events. School classes and other groups are also welcome by prior arrangement. We look forward to hearing from you!<\/p><p style=\"text-align: left;\">You can reach us at Steinweg 28 via a few steps or by elevator using the doorbell at Am Burghof 8. Unfortunately, the restroom is not yet wheelchair accessible.<\/p><p style=\"text-align: left;\">The establishment of the Community Art Center Suhl is supported by the Freudenberg Foundation.<\/p>\t\t\t\t\t\t\t\t<\/div>\n\t\t\t\t<\/div>\n\t\t\t\t<\/div>\n\t\t\t\t\t<\/div>\n\t\t\t\t<\/div>\n\t\t<div class=\"elementor-element elementor-element-60d70df e-flex e-con-boxed e-con e-parent\" data-id=\"60d70df\" data-element_type=\"container\" data-e-type=\"container\" data-settings=\"{&quot;background_background&quot;:&quot;classic&quot;}\">\n\t\t\t\t\t<div class=\"e-con-inner\">\n\t\t<div class=\"elementor-element elementor-element-907e329 e-con-full e-flex e-con e-child\" data-id=\"907e329\" data-element_type=\"container\" data-e-type=\"container\">\n\t\t\t\t<div class=\"elementor-element elementor-element-5ae3275 elementor-widget elementor-widget-image\" data-id=\"5ae3275\" data-element_type=\"widget\" data-e-type=\"widget\" data-widget_type=\"image.default\">\n\t\t\t\t<div class=\"elementor-widget-container\">\n\t\t\t\t\t\t\t\t\t\t\t\t\t\t\t<img decoding=\"async\" width=\"1024\" height=\"683\" src=\"https:\/\/pictures.uber.space\/wp-content\/uploads\/2025\/08\/IMG_6558-1024x683.jpg\" class=\"attachment-large size-large wp-image-2733\" alt=\"\" srcset=\"https:\/\/pictures.uber.space\/wp-content\/uploads\/2025\/08\/IMG_6558-1024x683.jpg 1024w, https:\/\/pictures.uber.space\/wp-content\/uploads\/2025\/08\/IMG_6558-300x200.jpg 300w, https:\/\/pictures.uber.space\/wp-content\/uploads\/2025\/08\/IMG_6558-768x512.jpg 768w, https:\/\/pictures.uber.space\/wp-content\/uploads\/2025\/08\/IMG_6558-1536x1024.jpg 1536w, https:\/\/pictures.uber.space\/wp-content\/uploads\/2025\/08\/IMG_6558-2048x1365.jpg 2048w, https:\/\/pictures.uber.space\/wp-content\/uploads\/2025\/08\/IMG_6558-18x12.jpg 18w, https:\/\/pictures.uber.space\/wp-content\/uploads\/2025\/08\/IMG_6558-600x400.jpg 600w\" sizes=\"(max-width: 1024px) 100vw, 1024px\" \/>\t\t\t\t\t\t\t\t\t\t\t\t\t\t\t<\/div>\n\t\t\t\t<\/div>\n\t\t\t\t<\/div>\n\t\t<div class=\"elementor-element elementor-element-109269b e-con-full e-flex e-con e-child\" data-id=\"109269b\" data-element_type=\"container\" data-e-type=\"container\">\n\t\t\t\t<div class=\"elementor-element elementor-element-0c88e88 elementor-widget elementor-widget-heading\" data-id=\"0c88e88\" data-element_type=\"widget\" data-e-type=\"widget\" data-widget_type=\"heading.default\">\n\t\t\t\t<div class=\"elementor-widget-container\">\n\t\t\t\t\t<h2 class=\"elementor-heading-title elementor-size-default\">unofficial.pictures  leipzig<\/h2>\t\t\t\t<\/div>\n\t\t\t\t<\/div>\n\t\t\t\t<div class=\"elementor-element elementor-element-c28545b elementor-widget elementor-widget-text-editor\" data-id=\"c28545b\" data-element_type=\"widget\" data-e-type=\"widget\" data-widget_type=\"text-editor.default\">\n\t\t\t\t<div class=\"elementor-widget-container\">\n\t\t\t\t\t\t\t\t\t<p>Our space at Ernst-Mey-Stra\u00dfe 7a in Leipzig has been open since 5 June 2025. Covering around 60 square metres with large, floor-to-ceiling windows, we have created a place that is more than just an exhibition space: it is a meeting place for art, politics and social issues.<\/p><p>The space functions as an laboratory for ideas and a working space, as a workshop venue and as a stage for exhibitions \u2013 even beyond Leipzig.\u00a0<\/p><p>Our space in Leipzig is coordinated and curated by Frieder Bickhardt, documentary photographer and co-founder of unofficial.pictures.<\/p><p>Opening hours on weekdays 10:00 a.m. to 1:00 p.m. and <a href=\"http:\/\/contact\/\" data-wplink-url-error=\"true\">by arrangement<\/a><\/p><p>Please note that there is a staircase in the room.<\/p>\t\t\t\t\t\t\t\t<\/div>\n\t\t\t\t<\/div>\n\t\t\t\t<\/div>\n\t\t\t\t\t<\/div>\n\t\t\t\t<\/div>\n\t\t\t\t<\/div>","protected":false},"excerpt":{"rendered":"<p>about\/spaces Gruppenfoto beim Workshop \u00bbSuhl-Nord &#8211; Aus unserer Sicht\u00ab \u00fcber unofficial.pictures Seit 2016 bringt unofficial.pictures mit fotografie-basierten pers\u00f6nlichen Geschichten Menschen mit verschiedenen Hintergr\u00fcnden in Austausch. Ziel ist es, \u00fcber gesellschaftliche Gruppen hinaus Empathie und Verst\u00e4ndnis zu erzeugen und so Diskriminierungen abzubauen. Wir entwickeln Ausstellungen, B\u00fccher, Zeitungen, Filme und empowern in Workshops andere Menschen, diese Ans\u00e4tze [&hellip;]<\/p>\n","protected":false},"author":2,"featured_media":0,"parent":0,"menu_order":0,"comment_status":"closed","ping_status":"closed","template":"","meta":{"footnotes":""},"class_list":["post-1471","page","type-page","status-publish","hentry"],"_links":{"self":[{"href":"https:\/\/pictures.uber.space\/en\/wp-json\/wp\/v2\/pages\/1471","targetHints":{"allow":["GET"]}}],"collection":[{"href":"https:\/\/pictures.uber.space\/en\/wp-json\/wp\/v2\/pages"}],"about":[{"href":"https:\/\/pictures.uber.space\/en\/wp-json\/wp\/v2\/types\/page"}],"author":[{"embeddable":true,"href":"https:\/\/pictures.uber.space\/en\/wp-json\/wp\/v2\/users\/2"}],"replies":[{"embeddable":true,"href":"https:\/\/pictures.uber.space\/en\/wp-json\/wp\/v2\/comments?post=1471"}],"version-history":[{"count":91,"href":"https:\/\/pictures.uber.space\/en\/wp-json\/wp\/v2\/pages\/1471\/revisions"}],"predecessor-version":[{"id":2883,"href":"https:\/\/pictures.uber.space\/en\/wp-json\/wp\/v2\/pages\/1471\/revisions\/2883"}],"wp:attachment":[{"href":"https:\/\/pictures.uber.space\/en\/wp-json\/wp\/v2\/media?parent=1471"}],"curies":[{"name":"wp","href":"https:\/\/api.w.org\/{rel}","templated":true}]}}